{"id":10265,"date":"2023-06-09T12:45:07","date_gmt":"2023-06-09T17:45:07","guid":{"rendered":"https:\/\/designweekmexico.com\/?page_id=10265"},"modified":"2024-05-23T13:21:19","modified_gmt":"2024-05-23T18:21:19","slug":"seleccionados-inedito-2024","status":"publish","type":"page","link":"https:\/\/designweekmexico.com\/en\/seleccionados-inedito-2024\/","title":{"rendered":"Seleccionados In\u00e9dito 2024"},"content":{"rendered":"<div data-elementor-type=\"wp-page\" data-elementor-id=\"10265\" class=\"elementor elementor-10265\" data-elementor-settings=\"{&quot;ha_cmc_init_switcher&quot;:&quot;no&quot;}\" data-elementor-post-type=\"page\">\n\t\t\t\t\t\t<section class=\"elementor-section elementor-top-section elementor-element elementor-element-a6bb923 ct-section-stretched elementor-section-boxed elementor-section-height-default elementor-section-height-default\" data-id=\"a6bb923\" data-element_type=\"section\" data-settings=\"{&quot;_ha_eqh_enable&quot;:false}\">\n\t\t\t\t\t\t<div class=\"elementor-container elementor-column-gap-default\">\n\t\t\t\t\t<div class=\"elementor-column elementor-col-100 elementor-top-column elementor-element elementor-element-822a5fe\" data-id=\"822a5fe\" data-element_type=\"column\">\n\t\t\t<div class=\"elementor-widget-wrap elementor-element-populated\">\n\t\t\t\t\t\t<div class=\"elementor-element elementor-element-f9ff3e5 elementor-widget elementor-widget-image\" data-id=\"f9ff3e5\" data-element_type=\"widget\" data-widget_type=\"image.default\">\n\t\t\t\t<div class=\"elementor-widget-container\">\n\t\t\t\t\t\t\t\t\t\t\t\t\t\t\t<img fetchpriority=\"high\" decoding=\"async\" data-attachment-id=\"11962\" data-permalink=\"https:\/\/designweekmexico.com\/en\/iconos-dwm23_inedito-2\/\" data-orig-file=\"https:\/\/designweekmexico.com\/wp-content\/uploads\/2023\/09\/iconos-dwm23_inedito-1.svg\" data-orig-size=\"1080,1080\" data-comments-opened=\"1\" data-image-meta=\"[]\" data-image-title=\"iconos-dwm23_inedito\" data-image-description=\"\" data-image-caption=\"\" data-medium-file=\"https:\/\/designweekmexico.com\/wp-content\/uploads\/2023\/09\/iconos-dwm23_inedito-1.svg\" data-large-file=\"https:\/\/designweekmexico.com\/wp-content\/uploads\/2023\/09\/iconos-dwm23_inedito-1.svg\" width=\"1080\" height=\"1080\" src=\"https:\/\/designweekmexico.com\/wp-content\/uploads\/2023\/09\/iconos-dwm23_inedito-1.svg\" class=\"attachment-full size-full wp-image-11962\" alt=\"\" \/>\t\t\t\t\t\t\t\t\t\t\t\t\t\t\t<\/div>\n\t\t\t\t<\/div>\n\t\t\t\t<div class=\"elementor-element elementor-element-6c4011a elementor-widget elementor-widget-heading\" data-id=\"6c4011a\" data-element_type=\"widget\" data-widget_type=\"heading.default\">\n\t\t\t\t<div class=\"elementor-widget-container\">\n\t\t\t\t\t<h1 class=\"elementor-heading-title elementor-size-default\">IN\u00c9DITO\n<br>2O24<\/h1>\t\t\t\t<\/div>\n\t\t\t\t<\/div>\n\t\t\t\t<div class=\"elementor-element elementor-element-0d61bdb elementor-widget elementor-widget-heading\" data-id=\"0d61bdb\" data-element_type=\"widget\" data-widget_type=\"heading.default\">\n\t\t\t\t<div class=\"elementor-widget-container\">\n\t\t\t\t\t<h3 class=\"elementor-heading-title elementor-size-default\">PARTICIPANTS<\/h3>\t\t\t\t<\/div>\n\t\t\t\t<\/div>\n\t\t\t\t<section class=\"elementor-section elementor-inner-section elementor-element elementor-element-13fc310 elementor-section-boxed elementor-section-height-default elementor-section-height-default\" data-id=\"13fc310\" data-element_type=\"section\" data-settings=\"{&quot;_ha_eqh_enable&quot;:false}\">\n\t\t\t\t\t\t<div class=\"elementor-container elementor-column-gap-default\">\n\t\t\t\t\t<div class=\"elementor-column elementor-col-33 elementor-inner-column elementor-element elementor-element-062d060\" data-id=\"062d060\" data-element_type=\"column\">\n\t\t\t<div class=\"elementor-widget-wrap elementor-element-populated\">\n\t\t\t\t\t\t<div class=\"elementor-element elementor-element-9ff7349 elementor-widget elementor-widget-text-editor\" data-id=\"9ff7349\" data-element_type=\"widget\" data-widget_type=\"text-editor.default\">\n\t\t\t\t<div class=\"elementor-widget-container\">\n\t\t\t\t\t\t\t\t\t<p><\/p>\n<p style=\"text-align: center;\"><span style=\"font-size: 14pt;\">2\u00b0 Piso<br \/>2ene Studio<br \/>Abuelita Borrego<br \/>Alan Frank + Luft<br \/>Alecco<br \/>Alejandro Mart\u00ednez Jaime<br \/>Alejo<br \/>And Jacob<br \/>Angelica Mart\u00ednez <br \/>Arista + V\u00e9rtice<br \/>Atlante Studio<br \/>Barme studio <br \/>Bartholomeow <br \/>Brenda Herrera<br \/>Cada Estudio<br \/>Carlos Barba<br \/>Carlos Eduardo Luna + Jorge Iv\u00e1n G\u00f3mez<br \/>Carlos Paredes<br \/>Chakra Studio<br \/>Crater<br \/>CU29 Lightware<br \/>Daniela Quintanilla + Ximena Rodriguez + Arantza O\u00f1ate<br \/>Daniela S\u00e1nchez Gutierrez<br \/>David Mont Virgen<br \/>De la Cerda + Casa Bobadilla<br \/>D\u00e9cima<br \/>DeepStructure Lab<br \/>D\u00e9jate Querer<br \/>Denetria<br \/>Design VA<br \/>Diego Gonz\u00e1lez<br \/>EDAA<br \/><\/span><span style=\"font-size: 14pt;\">Enkin<br \/><\/span><span style=\"font-size: 18.6667px;\">ENS\u014c<\/span><\/p>\t\t\t\t\t\t\t\t<\/div>\n\t\t\t\t<\/div>\n\t\t\t\t\t<\/div>\n\t\t<\/div>\n\t\t\t\t<div class=\"elementor-column elementor-col-33 elementor-inner-column elementor-element elementor-element-ef1b4bf\" data-id=\"ef1b4bf\" data-element_type=\"column\">\n\t\t\t<div class=\"elementor-widget-wrap elementor-element-populated\">\n\t\t\t\t\t\t<div class=\"elementor-element elementor-element-1792aba elementor-widget elementor-widget-text-editor\" data-id=\"1792aba\" data-element_type=\"widget\" data-widget_type=\"text-editor.default\">\n\t\t\t\t<div class=\"elementor-widget-container\">\n\t\t\t\t\t\t\t\t\t<p><\/p>\n<p class=\"has-text-align-center\"><\/p>\n<p class=\"has-text-align-center\" style=\"text-align: center;\"><span style=\"font-size: 14pt;\">Ernesto Azcarate<br \/>Estebanez Estudio<br \/>Estudio A36<br \/>Euclid<br \/>Finiiri Studio<br \/>Frank Estudio<br \/>Gaby&amp;Ruben<br \/>Golem<br \/>H\u00e9ctor Hugo Mincitar Valladares <br \/>Hipervac\u00edo<br \/>India Maury<br \/>Instituto de Transici\u00f3n<br \/>Israel Paredes Almaraz<br \/>Javier Reynaga<br \/>Joyful Objects, Yes!<br \/>Kanak Studio<br \/>La Casa del \u00c1rbol<br \/>Ladrillos de M\u00e9xico + Terben Pinson<br \/>760 Grados (Laura de la Vega)<br \/>Lilia Corona<br \/>L\u00edtica Studio + Eduardo Ure\u00f1a<br \/>M+S Bronce Arquitect\u00f3nico<br \/>ManosManus<br \/>Maquiladora de Muebles<br \/>Mara Nicolle Bracho<br \/>Taller 67 (Margarita Cant\u00fa)<br \/>Marijose Lomel\u00ed<br \/>Marva Studio<br \/>Maximiliano Del Buey<br \/>Michelle Longoria<br \/>mmm<br \/>Muntanya Lab + Circular Design Studio<br \/><\/span><span style=\"font-size: 18.6667px;\">Musgo<\/span><br style=\"font-size: 18.6667px;\" \/><span style=\"font-size: 18.6667px;\">Natalia Tannenbaum + Niu Matat Napawika<\/span><span style=\"font-size: 14pt;\"><br \/><\/span><\/p>\n<p class=\"has-text-align-center\"><\/p>\t\t\t\t\t\t\t\t<\/div>\n\t\t\t\t<\/div>\n\t\t\t\t\t<\/div>\n\t\t<\/div>\n\t\t\t\t<div class=\"elementor-column elementor-col-33 elementor-inner-column elementor-element elementor-element-c9e434a\" data-id=\"c9e434a\" data-element_type=\"column\">\n\t\t\t<div class=\"elementor-widget-wrap elementor-element-populated\">\n\t\t\t\t\t\t<div class=\"elementor-element elementor-element-af811ec elementor-widget elementor-widget-text-editor\" data-id=\"af811ec\" data-element_type=\"widget\" data-widget_type=\"text-editor.default\">\n\t\t\t\t<div class=\"elementor-widget-container\">\n\t\t\t\t\t\t\t\t\t<p><\/p>\n<p class=\"has-text-align-center\"><\/p>\n<p class=\"has-text-align-center\"><span style=\"font-size: 14pt;\">Nativa Living<br \/>Ndidi<br \/>Nett Estudio<br \/>Nippo<br \/>Nu Studio<br \/>Obraje<br \/>ODD<br \/>Onora<br \/>O\u0160 Estudio<br \/>Platalea Studio<br \/>Primitivo Studio<br \/>Pseud\u00f3nimo, Taller de Arquitectura<br \/>Reta Studio<br \/>Rhoi Ceramics <br \/>Estudio R.gait\u00e1n<br \/>Sebasti\u00e1n Arroyo Hoebens + Emilio Gonz\u00e1lez<br \/>Sof\u00eda G. M\u00e1ynez + Samantha Garza + Patricio Bravo + Santiago Ram\u00edrez<br \/>Studio Capulin + Gabriel De la Riva Design Studio<br \/>Studio Orfeo Quagliata <br \/>TAH<br \/>Taller de Recinto<br \/>Taller Maya<br \/>Tannia velgis<br \/>The Recycle Studio<br \/>TheF*Money<br \/>Tragaluz<br \/>Utop\u00eda Estudio<br \/>Wornstudio<br \/>Xoloplastics<br \/>Yiyiaru Arquitectos<br \/>Yunuen Moroni Penagos<br \/>Zamora_MX<br \/><\/span><\/p>\n<p class=\"has-text-align-center\"><\/p>\t\t\t\t\t\t\t\t<\/div>\n\t\t\t\t<\/div>\n\t\t\t\t\t<\/div>\n\t\t<\/div>\n\t\t\t\t\t<\/div>\n\t\t<\/section>\n\t\t\t\t\t<\/div>\n\t\t<\/div>\n\t\t\t\t\t<\/div>\n\t\t<\/section>\n\t\t\t\t<section class=\"elementor-section elementor-top-section elementor-element elementor-element-69e8657 elementor-section-boxed elementor-section-height-default elementor-section-height-default\" data-id=\"69e8657\" data-element_type=\"section\" data-settings=\"{&quot;background_background&quot;:&quot;classic&quot;,&quot;motion_fx_motion_fx_scrolling&quot;:&quot;yes&quot;,&quot;motion_fx_opacity_effect&quot;:&quot;yes&quot;,&quot;_ha_eqh_enable&quot;:false,&quot;motion_fx_opacity_direction&quot;:&quot;out-in&quot;,&quot;motion_fx_opacity_level&quot;:{&quot;unit&quot;:&quot;px&quot;,&quot;size&quot;:10,&quot;sizes&quot;:[]},&quot;motion_fx_opacity_range&quot;:{&quot;unit&quot;:&quot;%&quot;,&quot;size&quot;:&quot;&quot;,&quot;sizes&quot;:{&quot;start&quot;:20,&quot;end&quot;:80}},&quot;motion_fx_devices&quot;:[&quot;desktop&quot;,&quot;tablet&quot;,&quot;mobile&quot;]}\">\n\t\t\t\t\t\t<div class=\"elementor-container elementor-column-gap-default\">\n\t\t\t\t\t<div class=\"elementor-column elementor-col-100 elementor-top-column elementor-element elementor-element-e53514f\" data-id=\"e53514f\" data-element_type=\"column\">\n\t\t\t<div class=\"elementor-widget-wrap elementor-element-populated\">\n\t\t\t\t\t\t<div class=\"elementor-element elementor-element-c1bde0a elementor-widget elementor-widget-text-editor\" data-id=\"c1bde0a\" data-element_type=\"widget\" data-widget_type=\"text-editor.default\">\n\t\t\t\t<div class=\"elementor-widget-container\">\n\t\t\t\t\t\t\t\t\t<p style=\"text-align: center;\"><span style=\"font-size: 14pt;\">Si fuiste seleccionado muchas felicidades, en breve podr\u00e1s conocer los detalles sobre tu selecci\u00f3n, manual de participaci\u00f3n y gu\u00eda de pago.<br><\/span><strong style=\"font-size: 14pt; font-family: var(--theme-font-family); font-style: var(--theme-font-style, inherit); letter-spacing: var(--theme-letter-spacing); text-transform: var(--theme-text-transform);\">ES IMPORTANTE REVISAR TODA LA INFORMACI\u00d3N A DETALLE.&nbsp;<\/strong><\/p>\n<p style=\"text-align: center;\"><span style=\"font-size: 14pt;\">En caso de no haber sido seleccionado, <strong>no te desanimes,<\/strong> este a\u00f1o hubo mucha competencia, te agradecemos enormemente por haber formado parte de el proceso y hacernos llegar tu registro, sigue atento de los otros programas de Design Week Mexico y no olvides difundir y promover el dise\u00f1o en M\u00e9xico.<\/span><\/p>\t\t\t\t\t\t\t\t<\/div>\n\t\t\t\t<\/div>\n\t\t\t\t<div class=\"elementor-element elementor-element-171cd77 elementor-widget elementor-widget-image\" data-id=\"171cd77\" data-element_type=\"widget\" data-widget_type=\"image.default\">\n\t\t\t\t<div class=\"elementor-widget-container\">\n\t\t\t\t\t\t\t\t\t\t\t\t\t\t\t<img decoding=\"async\" data-attachment-id=\"14809\" data-permalink=\"https:\/\/designweekmexico.com\/en\/dwm24-w\/\" data-orig-file=\"https:\/\/designweekmexico.com\/wp-content\/uploads\/2024\/03\/dwm24-w.svg\" data-orig-size=\"1043,253\" data-comments-opened=\"1\" data-image-meta=\"[]\" data-image-title=\"dwm24-w\" data-image-description=\"\" data-image-caption=\"\" data-medium-file=\"https:\/\/designweekmexico.com\/wp-content\/uploads\/2024\/03\/dwm24-w.svg\" data-large-file=\"https:\/\/designweekmexico.com\/wp-content\/uploads\/2024\/03\/dwm24-w.svg\" width=\"1024\" height=\"248\" src=\"https:\/\/designweekmexico.com\/wp-content\/uploads\/2024\/03\/dwm24-w.svg\" class=\"attachment-large size-large wp-image-14809\" alt=\"\" \/>\t\t\t\t\t\t\t\t\t\t\t\t\t\t\t<\/div>\n\t\t\t\t<\/div>\n\t\t\t\t\t<\/div>\n\t\t<\/div>\n\t\t\t\t\t<\/div>\n\t\t<\/section>\n\t\t\t\t<\/div>","protected":false},"excerpt":{"rendered":"<p>Conoce a los seleccionados de In\u00e9dito 2023.<\/p>","protected":false},"author":175,"featured_media":0,"parent":0,"menu_order":0,"comment_status":"closed","ping_status":"closed","template":"","meta":{"_themeisle_gutenberg_block_has_review":false,"footnotes":""},"class_list":["post-10265","page","type-page","status-publish","hentry"],"blocksy_meta":{"page_structure_type":"type-4","has_hero_section":"disabled"},"yoast_head":"<!-- This site is optimized with the Yoast SEO plugin v27.4 - https:\/\/yoast.com\/product\/yoast-seo-wordpress\/ -->\n<title>Seleccionados In\u00e9dito 2024 - Design Week Mexico<\/title>\n<meta name=\"robots\" content=\"index, follow, max-snippet:-1, max-image-preview:large, max-video-preview:-1\" \/>\n<link rel=\"canonical\" href=\"https:\/\/designweekmexico.com\/en\/seleccionados-inedito-2024\/\" \/>\n<meta property=\"og:locale\" content=\"en_US\" \/>\n<meta property=\"og:type\" content=\"article\" \/>\n<meta property=\"og:title\" content=\"Seleccionados In\u00e9dito 2024 - Design Week Mexico\" \/>\n<meta property=\"og:description\" content=\"Conoce a los seleccionados de In\u00e9dito 2023.\" \/>\n<meta property=\"og:url\" content=\"https:\/\/designweekmexico.com\/en\/seleccionados-inedito-2024\/\" \/>\n<meta property=\"og:site_name\" content=\"Design Week Mexico\" \/>\n<meta property=\"article:publisher\" content=\"https:\/\/www.facebook.com\/designweekmex\" \/>\n<meta property=\"article:modified_time\" content=\"2024-05-23T18:21:19+00:00\" \/>\n<meta property=\"og:image\" content=\"https:\/\/designweekmexico.com\/wp-content\/uploads\/2023\/09\/iconos-dwm23_inedito-1.svg\" \/>\n<meta name=\"twitter:card\" content=\"summary_large_image\" \/>\n<meta name=\"twitter:site\" content=\"@designweekmex\" \/>\n<meta name=\"twitter:label1\" content=\"Est. reading time\" \/>\n\t<meta name=\"twitter:data1\" content=\"2 minutes\" \/>\n<script type=\"application\/ld+json\" class=\"yoast-schema-graph\">{\"@context\":\"https:\\\/\\\/schema.org\",\"@graph\":[{\"@type\":\"WebPage\",\"@id\":\"https:\\\/\\\/designweekmexico.com\\\/seleccionados-inedito-2024\\\/\",\"url\":\"https:\\\/\\\/designweekmexico.com\\\/seleccionados-inedito-2024\\\/\",\"name\":\"Seleccionados In\u00e9dito 2024 - Design Week Mexico\",\"isPartOf\":{\"@id\":\"https:\\\/\\\/designweekmexico.com\\\/#website\"},\"primaryImageOfPage\":{\"@id\":\"https:\\\/\\\/designweekmexico.com\\\/seleccionados-inedito-2024\\\/#primaryimage\"},\"image\":{\"@id\":\"https:\\\/\\\/designweekmexico.com\\\/seleccionados-inedito-2024\\\/#primaryimage\"},\"thumbnailUrl\":\"https:\\\/\\\/designweekmexico.com\\\/wp-content\\\/uploads\\\/2023\\\/09\\\/iconos-dwm23_inedito-1.svg\",\"datePublished\":\"2023-06-09T17:45:07+00:00\",\"dateModified\":\"2024-05-23T18:21:19+00:00\",\"breadcrumb\":{\"@id\":\"https:\\\/\\\/designweekmexico.com\\\/seleccionados-inedito-2024\\\/#breadcrumb\"},\"inLanguage\":\"en-US\",\"potentialAction\":[{\"@type\":\"ReadAction\",\"target\":[\"https:\\\/\\\/designweekmexico.com\\\/seleccionados-inedito-2024\\\/\"]}]},{\"@type\":\"ImageObject\",\"inLanguage\":\"en-US\",\"@id\":\"https:\\\/\\\/designweekmexico.com\\\/seleccionados-inedito-2024\\\/#primaryimage\",\"url\":\"https:\\\/\\\/designweekmexico.com\\\/wp-content\\\/uploads\\\/2023\\\/09\\\/iconos-dwm23_inedito-1.svg\",\"contentUrl\":\"https:\\\/\\\/designweekmexico.com\\\/wp-content\\\/uploads\\\/2023\\\/09\\\/iconos-dwm23_inedito-1.svg\"},{\"@type\":\"BreadcrumbList\",\"@id\":\"https:\\\/\\\/designweekmexico.com\\\/seleccionados-inedito-2024\\\/#breadcrumb\",\"itemListElement\":[{\"@type\":\"ListItem\",\"position\":1,\"name\":\"Inicio\",\"item\":\"https:\\\/\\\/designweekmexico.com\\\/\"},{\"@type\":\"ListItem\",\"position\":2,\"name\":\"Seleccionados In\u00e9dito 2024\"}]},{\"@type\":\"WebSite\",\"@id\":\"https:\\\/\\\/designweekmexico.com\\\/#website\",\"url\":\"https:\\\/\\\/designweekmexico.com\\\/\",\"name\":\"Design Week Mexico\",\"description\":\"Dise\u00f1ando el futuro...\",\"publisher\":{\"@id\":\"https:\\\/\\\/designweekmexico.com\\\/#organization\"},\"potentialAction\":[{\"@type\":\"SearchAction\",\"target\":{\"@type\":\"EntryPoint\",\"urlTemplate\":\"https:\\\/\\\/designweekmexico.com\\\/?s={search_term_string}\"},\"query-input\":{\"@type\":\"PropertyValueSpecification\",\"valueRequired\":true,\"valueName\":\"search_term_string\"}}],\"inLanguage\":\"en-US\"},{\"@type\":\"Organization\",\"@id\":\"https:\\\/\\\/designweekmexico.com\\\/#organization\",\"name\":\"Design Week Mexico\",\"url\":\"https:\\\/\\\/designweekmexico.com\\\/\",\"logo\":{\"@type\":\"ImageObject\",\"inLanguage\":\"en-US\",\"@id\":\"https:\\\/\\\/designweekmexico.com\\\/#\\\/schema\\\/logo\\\/image\\\/\",\"url\":\"https:\\\/\\\/designweekmexico.com\\\/wp-content\\\/uploads\\\/2025\\\/11\\\/Asset-58-70eae4.svg\",\"contentUrl\":\"https:\\\/\\\/designweekmexico.com\\\/wp-content\\\/uploads\\\/2025\\\/11\\\/Asset-58-70eae4.svg\",\"width\":1741,\"height\":103,\"caption\":\"Design Week Mexico\"},\"image\":{\"@id\":\"https:\\\/\\\/designweekmexico.com\\\/#\\\/schema\\\/logo\\\/image\\\/\"},\"sameAs\":[\"https:\\\/\\\/www.facebook.com\\\/designweekmex\",\"https:\\\/\\\/x.com\\\/designweekmex\",\"https:\\\/\\\/www.instagram.com\\\/designweekmex\\\/\",\"https:\\\/\\\/www.youtube.com\\\/user\\\/designweekmexico\",\"https:\\\/\\\/vimeo.com\\\/designweekmexico\",\"https:\\\/\\\/www.linkedin.com\\\/company\\\/designweekmx\\\/\"]}]}<\/script>\n<!-- \/ Yoast SEO plugin. -->","yoast_head_json":{"title":"Seleccionados In\u00e9dito 2024 - Design Week Mexico","robots":{"index":"index","follow":"follow","max-snippet":"max-snippet:-1","max-image-preview":"max-image-preview:large","max-video-preview":"max-video-preview:-1"},"canonical":"https:\/\/designweekmexico.com\/en\/seleccionados-inedito-2024\/","og_locale":"en_US","og_type":"article","og_title":"Seleccionados In\u00e9dito 2024 - Design Week Mexico","og_description":"Conoce a los seleccionados de In\u00e9dito 2023.","og_url":"https:\/\/designweekmexico.com\/en\/seleccionados-inedito-2024\/","og_site_name":"Design Week Mexico","article_publisher":"https:\/\/www.facebook.com\/designweekmex","article_modified_time":"2024-05-23T18:21:19+00:00","og_image":[{"url":"https:\/\/designweekmexico.com\/wp-content\/uploads\/2023\/09\/iconos-dwm23_inedito-1.svg","type":"","width":"","height":""}],"twitter_card":"summary_large_image","twitter_site":"@designweekmex","twitter_misc":{"Est. reading time":"2 minutes"},"schema":{"@context":"https:\/\/schema.org","@graph":[{"@type":"WebPage","@id":"https:\/\/designweekmexico.com\/seleccionados-inedito-2024\/","url":"https:\/\/designweekmexico.com\/seleccionados-inedito-2024\/","name":"Seleccionados In\u00e9dito 2024 - Design Week Mexico","isPartOf":{"@id":"https:\/\/designweekmexico.com\/#website"},"primaryImageOfPage":{"@id":"https:\/\/designweekmexico.com\/seleccionados-inedito-2024\/#primaryimage"},"image":{"@id":"https:\/\/designweekmexico.com\/seleccionados-inedito-2024\/#primaryimage"},"thumbnailUrl":"https:\/\/designweekmexico.com\/wp-content\/uploads\/2023\/09\/iconos-dwm23_inedito-1.svg","datePublished":"2023-06-09T17:45:07+00:00","dateModified":"2024-05-23T18:21:19+00:00","breadcrumb":{"@id":"https:\/\/designweekmexico.com\/seleccionados-inedito-2024\/#breadcrumb"},"inLanguage":"en-US","potentialAction":[{"@type":"ReadAction","target":["https:\/\/designweekmexico.com\/seleccionados-inedito-2024\/"]}]},{"@type":"ImageObject","inLanguage":"en-US","@id":"https:\/\/designweekmexico.com\/seleccionados-inedito-2024\/#primaryimage","url":"https:\/\/designweekmexico.com\/wp-content\/uploads\/2023\/09\/iconos-dwm23_inedito-1.svg","contentUrl":"https:\/\/designweekmexico.com\/wp-content\/uploads\/2023\/09\/iconos-dwm23_inedito-1.svg"},{"@type":"BreadcrumbList","@id":"https:\/\/designweekmexico.com\/seleccionados-inedito-2024\/#breadcrumb","itemListElement":[{"@type":"ListItem","position":1,"name":"Inicio","item":"https:\/\/designweekmexico.com\/"},{"@type":"ListItem","position":2,"name":"Seleccionados In\u00e9dito 2024"}]},{"@type":"WebSite","@id":"https:\/\/designweekmexico.com\/#website","url":"https:\/\/designweekmexico.com\/","name":"Design Week Mexico","description":"Dise\u00f1ando el futuro...","publisher":{"@id":"https:\/\/designweekmexico.com\/#organization"},"potentialAction":[{"@type":"SearchAction","target":{"@type":"EntryPoint","urlTemplate":"https:\/\/designweekmexico.com\/?s={search_term_string}"},"query-input":{"@type":"PropertyValueSpecification","valueRequired":true,"valueName":"search_term_string"}}],"inLanguage":"en-US"},{"@type":"Organization","@id":"https:\/\/designweekmexico.com\/#organization","name":"Design Week Mexico","url":"https:\/\/designweekmexico.com\/","logo":{"@type":"ImageObject","inLanguage":"en-US","@id":"https:\/\/designweekmexico.com\/#\/schema\/logo\/image\/","url":"https:\/\/designweekmexico.com\/wp-content\/uploads\/2025\/11\/Asset-58-70eae4.svg","contentUrl":"https:\/\/designweekmexico.com\/wp-content\/uploads\/2025\/11\/Asset-58-70eae4.svg","width":1741,"height":103,"caption":"Design Week Mexico"},"image":{"@id":"https:\/\/designweekmexico.com\/#\/schema\/logo\/image\/"},"sameAs":["https:\/\/www.facebook.com\/designweekmex","https:\/\/x.com\/designweekmex","https:\/\/www.instagram.com\/designweekmex\/","https:\/\/www.youtube.com\/user\/designweekmexico","https:\/\/vimeo.com\/designweekmexico","https:\/\/www.linkedin.com\/company\/designweekmx\/"]}]}},"jetpack_sharing_enabled":true,"_links":{"self":[{"href":"https:\/\/designweekmexico.com\/en\/wp-json\/wp\/v2\/pages\/10265","targetHints":{"allow":["GET"]}}],"collection":[{"href":"https:\/\/designweekmexico.com\/en\/wp-json\/wp\/v2\/pages"}],"about":[{"href":"https:\/\/designweekmexico.com\/en\/wp-json\/wp\/v2\/types\/page"}],"author":[{"embeddable":true,"href":"https:\/\/designweekmexico.com\/en\/wp-json\/wp\/v2\/users\/175"}],"replies":[{"embeddable":true,"href":"https:\/\/designweekmexico.com\/en\/wp-json\/wp\/v2\/comments?post=10265"}],"version-history":[{"count":53,"href":"https:\/\/designweekmexico.com\/en\/wp-json\/wp\/v2\/pages\/10265\/revisions"}],"predecessor-version":[{"id":15555,"href":"https:\/\/designweekmexico.com\/en\/wp-json\/wp\/v2\/pages\/10265\/revisions\/15555"}],"wp:attachment":[{"href":"https:\/\/designweekmexico.com\/en\/wp-json\/wp\/v2\/media?parent=10265"}],"curies":[{"name":"wp","href":"https:\/\/api.w.org\/{rel}","templated":true}]}}