{"id":21451,"date":"2025-07-02T12:01:52","date_gmt":"2025-07-02T17:01:52","guid":{"rendered":"https:\/\/designweekmexico.com\/?page_id=21451"},"modified":"2025-07-03T15:28:34","modified_gmt":"2025-07-03T20:28:34","slug":"seleccionados-print25","status":"publish","type":"page","link":"https:\/\/designweekmexico.com\/en\/seleccionados-print25\/","title":{"rendered":"Seleccionados PRINT 2025"},"content":{"rendered":"<div data-elementor-type=\"wp-page\" data-elementor-id=\"21451\" class=\"elementor elementor-21451\" data-elementor-settings=\"{&quot;ha_cmc_init_switcher&quot;:&quot;no&quot;}\" data-elementor-post-type=\"page\">\n\t\t\t\t\t\t<section class=\"elementor-section elementor-top-section elementor-element elementor-element-4afc9187 ct-section-stretched elementor-section-boxed elementor-section-height-default elementor-section-height-default\" data-id=\"4afc9187\" data-element_type=\"section\" data-settings=\"{&quot;_ha_eqh_enable&quot;:false}\">\n\t\t\t\t\t\t<div class=\"elementor-container elementor-column-gap-default\">\n\t\t\t\t\t<div class=\"elementor-column elementor-col-100 elementor-top-column elementor-element elementor-element-645e864a\" data-id=\"645e864a\" data-element_type=\"column\">\n\t\t\t<div class=\"elementor-widget-wrap elementor-element-populated\">\n\t\t\t\t\t\t<div class=\"elementor-element elementor-element-4a455343 elementor-widget elementor-widget-heading\" data-id=\"4a455343\" data-element_type=\"widget\" data-widget_type=\"heading.default\">\n\t\t\t\t<div class=\"elementor-widget-container\">\n\t\t\t\t\t<h1 class=\"elementor-heading-title elementor-size-default\">PRINT<\/h1>\t\t\t\t<\/div>\n\t\t\t\t<\/div>\n\t\t\t\t<div class=\"elementor-element elementor-element-5b0c6602 elementor-widget elementor-widget-heading\" data-id=\"5b0c6602\" data-element_type=\"widget\" data-widget_type=\"heading.default\">\n\t\t\t\t<div class=\"elementor-widget-container\">\n\t\t\t\t\t<h1 class=\"elementor-heading-title elementor-size-default\">2O25<\/h1>\t\t\t\t<\/div>\n\t\t\t\t<\/div>\n\t\t\t\t<div class=\"elementor-element elementor-element-699d38c2 elementor-widget elementor-widget-heading\" data-id=\"699d38c2\" data-element_type=\"widget\" data-widget_type=\"heading.default\">\n\t\t\t\t<div class=\"elementor-widget-container\">\n\t\t\t\t\t<h3 class=\"elementor-heading-title elementor-size-default\">PARTICIPANTS<\/h3>\t\t\t\t<\/div>\n\t\t\t\t<\/div>\n\t\t\t\t<section class=\"elementor-section elementor-inner-section elementor-element elementor-element-1c9e82a elementor-section-boxed elementor-section-height-default elementor-section-height-default\" data-id=\"1c9e82a\" data-element_type=\"section\" data-settings=\"{&quot;_ha_eqh_enable&quot;:false}\">\n\t\t\t\t\t\t<div class=\"elementor-container elementor-column-gap-default\">\n\t\t\t\t\t<div class=\"elementor-column elementor-col-50 elementor-inner-column elementor-element elementor-element-2d4ed55\" data-id=\"2d4ed55\" data-element_type=\"column\">\n\t\t\t<div class=\"elementor-widget-wrap elementor-element-populated\">\n\t\t\t\t\t\t<div class=\"elementor-element elementor-element-7efc229 elementor-widget elementor-widget-text-editor\" data-id=\"7efc229\" data-element_type=\"widget\" data-widget_type=\"text-editor.default\">\n\t\t\t\t<div class=\"elementor-widget-container\">\n\t\t\t\t\t\t\t\t\t<p class=\"p1\" style=\"text-align: center;\"><span style=\"text-decoration: underline;\"><span class=\"s1\"><a href=\"https:\/\/instagram.com\/achac.mex\/\">Achac<\/a><br><\/span><span class=\"s1\"><a href=\"https:\/\/instagram.com\/amossphotography\/\">Adriana Mosquera Sarmiento<\/a><br><\/span><span class=\"s1\"><a href=\"http:\/\/www.intsagram.com\/amiramiralo\/\">Amira Tame<\/a><br><\/span><span class=\"s1\"><a href=\"https:\/\/instagram.com\/amapola.studioo\">Ana Paula Mart\u00ednez M\u00e1rquez<\/a><br><\/span><span class=\"s1\"><a href=\"https:\/\/instagram.com\/antripi\/\">Andre Torres<\/a><br><\/span><span class=\"s1\"><a href=\"https:\/\/instagram.com\/serenityhotline\/\">Brisa Belmont<\/a><br><\/span><span class=\"s1\"><a href=\"https:\/\/instagram.com\/plaza3000.exe\/\">Carlos Plaza<\/a><br><\/span><span class=\"s1\"><a href=\"https:\/\/instagram.com\/cristianabdo\/\">CRISTIAN ABDO<\/a><br><\/span><span class=\"s1\"><a href=\"https:\/\/instagram.com\/cd_most\/\">Danilson Del Rosal<\/a><br><\/span><span class=\"s1\"><a href=\"https:\/\/instagram.com\/nahumlab\/\">David Nah\u00fam<\/a><br><\/span><span class=\"s1\"><a href=\"https:\/\/instagram.com\/dropsof_jupiter_\/\">DEYKA CUEVAS<\/a><br><\/span><span class=\"s1\"><a href=\"https:\/\/instagram.com\/eme_errre\/\">EME ERRE<\/a><br><\/span><span class=\"s1\"><a href=\"https:\/\/instagram.com\/human_gabriel\/\">Gabriel Guzm\u00e1n<\/a><br><\/span><span class=\"s1\"><a href=\"https:\/\/instagram.com\/hectorgomez_type\/\">H\u00e9ctor G\u00f3mez<\/a><br><\/span><span class=\"s1\"><a href=\"https:\/\/instagram.com\/hg_estudio\/\">Heriberto Guerrero<\/a><br><\/span><span class=\"s1\"><a href=\"https:\/\/instagram.com\/isabel.brun_art.prints\/\">Isabel Brun<\/a><br><\/span><span class=\"s1\"><a href=\"https:\/\/instagram.com\/nooomeolvidesss\/\">Jes\u00fas Duriez &amp; Selene Camacho<\/a><br><\/span><span class=\"s1\"><a href=\"https:\/\/instagram.com\/jorjo_mx\/\">Jorjo<\/a><br><\/span><span class=\"s1\"><a href=\"https:\/\/instagram.com\/juliovzm\/\">juliovzm<\/a><br><\/span><\/span>LET-P25<br><span style=\"text-decoration: underline;\"><span class=\"s1\"><a href=\"https:\/\/instagram.com\/powerfulatom\/\">Lopez Valencia Jos\u00e9 Gerardo<\/a><br><\/span><span class=\"s1\"><a href=\"https:\/\/instagram.com\/matthieu_baumg\/\">Matthieu Baumgarten<\/a><\/span><\/span><\/p>\t\t\t\t\t\t\t\t<\/div>\n\t\t\t\t<\/div>\n\t\t\t\t\t<\/div>\n\t\t<\/div>\n\t\t\t\t<div class=\"elementor-column elementor-col-50 elementor-inner-column elementor-element elementor-element-f72af14\" data-id=\"f72af14\" data-element_type=\"column\">\n\t\t\t<div class=\"elementor-widget-wrap elementor-element-populated\">\n\t\t\t\t\t\t<div class=\"elementor-element elementor-element-43dfcb9 elementor-widget elementor-widget-text-editor\" data-id=\"43dfcb9\" data-element_type=\"widget\" data-widget_type=\"text-editor.default\">\n\t\t\t\t<div class=\"elementor-widget-container\">\n\t\t\t\t\t\t\t\t\t<p class=\"p1\" style=\"text-align: center;\"><span style=\"text-decoration: underline;\"><span class=\"s1\"><a href=\"https:\/\/instagram.com\/m.a.y.a._y\/\">Maya Loza<\/a><br \/><\/span><span class=\"s1\"><a href=\"https:\/\/instagram.com\/ngomez94\/\">Nitzia Rivera G\u00f3mez<\/a><br \/><\/span><span class=\"s1\"><a href=\"https:\/\/instagram.com\/moztadio\/\">Octavio Jim\u00e9nez<\/a><br \/><\/span><span class=\"s1\"><a href=\"https:\/\/instagram.com\/orlando_hm\/\">Orlando Hern\u00e1ndez Mart\u00ednez<\/a><br \/><\/span><span class=\"s1\"><a href=\"https:\/\/instagram.com\/_hounei\/\">Paola V\u00e1zquez<\/a><br \/><\/span><span class=\"s1\"><a href=\"https:\/\/www.instagram.com\/pausa_pauusa\/\">PAUSA por Mariel Ram\u00edrez<\/a><br \/><\/span><span class=\"s1\"><a href=\"https:\/\/instagram.com\/holalolatravelgifts\/\">PRISCILLA AGUIRRE JIMENEZ<\/a><br \/><\/span><span class=\"s1\"><a href=\"https:\/\/instagram.com\/raulplancarte\/\">Ra\u00fal Plancarte<\/a><br \/><\/span><span class=\"s1\"><a href=\"http:\/\/5050.mx\/\">Raul Velad\u00edz + Eduardo Reyna<\/a><br \/><\/span><span class=\"s1\"><a href=\"https:\/\/instagram.com\/rocket_rm\/\">Ricardo Marquez (Mr. Rocket)<\/a><br \/><\/span><span class=\"s1\"><a href=\"https:\/\/instagram.com\/frenesi_ediciones\/\">Ricardo Mendiola Cruz + Monserrat Nabile Garc\u00eda Galicia<\/a><br \/><\/span><span class=\"s1\"><a href=\"https:\/\/instagram.com\/rodzarain\/\">Rodrigo Zarain<\/a><br \/><\/span><span class=\"s1\"><a href=\"https:\/\/instagram.com\/drawingreefs\/\">Sandra Aceves<\/a><br \/><\/span><span class=\"s1\"><a href=\"http:\/\/www.instagram.com\/typeofshe\/\">Sandra Morales<\/a><br \/><\/span><span class=\"s1\"><a href=\"https:\/\/instagram.com\/zamuray.jpeg\/\">Sebasti\u00e1n Zamitiz Nu\u00f1ez<\/a><br \/><\/span><span class=\"s1\"><a href=\"https:\/\/instagram.com\/grabador1976\/\">Sergio S\u00e1nchez Santamar\u00eda<\/a><br \/><\/span><span class=\"s1\"><a href=\"https:\/\/instagram.com\/sofia_call\/\">Sofia Calleja Crivelli<\/a><br \/><\/span><span class=\"s1\"><a href=\"http:\/\/www.instagram.com\/mixedmedia.press\/\">Sophie Greenspan + Andr\u00e9s G\u00f3mez Serv\u00edn<\/a><br \/><\/span><span class=\"s1\"><a href=\"https:\/\/instagram.com\/spikedisko\/\">Spike<\/a><br \/><\/span><span class=\"s1\"><a href=\"https:\/\/instagram.com\/firmaunartista\/\">Tania Sobarzo<\/a><br \/><\/span><span class=\"s1\"><a href=\"https:\/\/instagram.com\/vilchman\/\">Vilchman<\/a><br \/><\/span><span class=\"s1\"><a href=\"https:\/\/instagram.com\/avtrevinog\/\">Virginia Trevi\u00f1o<\/a><\/span><\/span><\/p>\t\t\t\t\t\t\t\t<\/div>\n\t\t\t\t<\/div>\n\t\t\t\t\t<\/div>\n\t\t<\/div>\n\t\t\t\t\t<\/div>\n\t\t<\/section>\n\t\t\t\t\t<\/div>\n\t\t<\/div>\n\t\t\t\t\t<\/div>\n\t\t<\/section>\n\t\t\t\t<\/div>","protected":false},"excerpt":{"rendered":"<p>PRINT 2O25 SELECCIONADOS AchacAdriana Mosquera SarmientoAmira TameAna Paula Mart\u00ednez M\u00e1rquezAndre TorresBrisa BelmontCarlos PlazaCRISTIAN ABDODanilson Del RosalDavid Nah\u00famDEYKA CUEVASEME ERREGabriel Guzm\u00e1nH\u00e9ctor G\u00f3mezHeriberto GuerreroIsabel BrunJes\u00fas Duriez &amp; Selene CamachoJorjojuliovzmLET-P25Lopez Valencia Jos\u00e9 GerardoMatthieu [&hellip;]<\/p>","protected":false},"author":175,"featured_media":0,"parent":0,"menu_order":0,"comment_status":"closed","ping_status":"closed","template":"","meta":{"_themeisle_gutenberg_block_has_review":false,"footnotes":""},"class_list":["post-21451","page","type-page","status-publish","hentry"],"blocksy_meta":{"has_hero_section":"disabled","styles_descriptor":{"styles":{"desktop":"","tablet":"","mobile":""},"google_fonts":[],"version":6}},"yoast_head":"<!-- This site is optimized with the Yoast SEO plugin v27.3 - https:\/\/yoast.com\/product\/yoast-seo-wordpress\/ -->\n<title>Seleccionados PRINT 2025 - Design Week Mexico<\/title>\n<meta name=\"robots\" content=\"index, follow, max-snippet:-1, max-image-preview:large, max-video-preview:-1\" \/>\n<link rel=\"canonical\" href=\"https:\/\/designweekmexico.com\/en\/seleccionados-print25\/\" \/>\n<meta property=\"og:locale\" content=\"en_US\" \/>\n<meta property=\"og:type\" content=\"article\" \/>\n<meta property=\"og:title\" content=\"Seleccionados PRINT 2025 - Design Week Mexico\" \/>\n<meta property=\"og:description\" content=\"PRINT 2O25 SELECCIONADOS AchacAdriana Mosquera SarmientoAmira TameAna Paula Mart\u00ednez M\u00e1rquezAndre TorresBrisa BelmontCarlos PlazaCRISTIAN ABDODanilson Del RosalDavid Nah\u00famDEYKA CUEVASEME ERREGabriel Guzm\u00e1nH\u00e9ctor G\u00f3mezHeriberto GuerreroIsabel BrunJes\u00fas Duriez &amp; Selene CamachoJorjojuliovzmLET-P25Lopez Valencia Jos\u00e9 GerardoMatthieu [&hellip;]\" \/>\n<meta property=\"og:url\" content=\"https:\/\/designweekmexico.com\/en\/seleccionados-print25\/\" \/>\n<meta property=\"og:site_name\" content=\"Design Week Mexico\" \/>\n<meta property=\"article:publisher\" content=\"https:\/\/www.facebook.com\/designweekmex\" \/>\n<meta property=\"article:modified_time\" content=\"2025-07-03T20:28:34+00:00\" \/>\n<meta name=\"twitter:card\" content=\"summary_large_image\" \/>\n<meta name=\"twitter:site\" content=\"@designweekmex\" \/>\n<meta name=\"twitter:label1\" content=\"Est. reading time\" \/>\n\t<meta name=\"twitter:data1\" content=\"1 minute\" \/>\n<script type=\"application\/ld+json\" class=\"yoast-schema-graph\">{\"@context\":\"https:\\\/\\\/schema.org\",\"@graph\":[{\"@type\":\"WebPage\",\"@id\":\"https:\\\/\\\/designweekmexico.com\\\/seleccionados-print25\\\/\",\"url\":\"https:\\\/\\\/designweekmexico.com\\\/seleccionados-print25\\\/\",\"name\":\"Seleccionados PRINT 2025 - Design Week Mexico\",\"isPartOf\":{\"@id\":\"https:\\\/\\\/designweekmexico.com\\\/#website\"},\"datePublished\":\"2025-07-02T17:01:52+00:00\",\"dateModified\":\"2025-07-03T20:28:34+00:00\",\"breadcrumb\":{\"@id\":\"https:\\\/\\\/designweekmexico.com\\\/seleccionados-print25\\\/#breadcrumb\"},\"inLanguage\":\"en-US\",\"potentialAction\":[{\"@type\":\"ReadAction\",\"target\":[\"https:\\\/\\\/designweekmexico.com\\\/seleccionados-print25\\\/\"]}]},{\"@type\":\"BreadcrumbList\",\"@id\":\"https:\\\/\\\/designweekmexico.com\\\/seleccionados-print25\\\/#breadcrumb\",\"itemListElement\":[{\"@type\":\"ListItem\",\"position\":1,\"name\":\"Inicio\",\"item\":\"https:\\\/\\\/designweekmexico.com\\\/\"},{\"@type\":\"ListItem\",\"position\":2,\"name\":\"Seleccionados PRINT 2025\"}]},{\"@type\":\"WebSite\",\"@id\":\"https:\\\/\\\/designweekmexico.com\\\/#website\",\"url\":\"https:\\\/\\\/designweekmexico.com\\\/\",\"name\":\"Design Week Mexico\",\"description\":\"Dise\u00f1ando el futuro...\",\"publisher\":{\"@id\":\"https:\\\/\\\/designweekmexico.com\\\/#organization\"},\"potentialAction\":[{\"@type\":\"SearchAction\",\"target\":{\"@type\":\"EntryPoint\",\"urlTemplate\":\"https:\\\/\\\/designweekmexico.com\\\/?s={search_term_string}\"},\"query-input\":{\"@type\":\"PropertyValueSpecification\",\"valueRequired\":true,\"valueName\":\"search_term_string\"}}],\"inLanguage\":\"en-US\"},{\"@type\":\"Organization\",\"@id\":\"https:\\\/\\\/designweekmexico.com\\\/#organization\",\"name\":\"Design Week Mexico\",\"url\":\"https:\\\/\\\/designweekmexico.com\\\/\",\"logo\":{\"@type\":\"ImageObject\",\"inLanguage\":\"en-US\",\"@id\":\"https:\\\/\\\/designweekmexico.com\\\/#\\\/schema\\\/logo\\\/image\\\/\",\"url\":\"https:\\\/\\\/designweekmexico.com\\\/wp-content\\\/uploads\\\/2025\\\/11\\\/Asset-58-70eae4.svg\",\"contentUrl\":\"https:\\\/\\\/designweekmexico.com\\\/wp-content\\\/uploads\\\/2025\\\/11\\\/Asset-58-70eae4.svg\",\"width\":1741,\"height\":103,\"caption\":\"Design Week Mexico\"},\"image\":{\"@id\":\"https:\\\/\\\/designweekmexico.com\\\/#\\\/schema\\\/logo\\\/image\\\/\"},\"sameAs\":[\"https:\\\/\\\/www.facebook.com\\\/designweekmex\",\"https:\\\/\\\/x.com\\\/designweekmex\",\"https:\\\/\\\/www.instagram.com\\\/designweekmex\\\/\",\"https:\\\/\\\/www.youtube.com\\\/user\\\/designweekmexico\",\"https:\\\/\\\/vimeo.com\\\/designweekmexico\",\"https:\\\/\\\/www.linkedin.com\\\/company\\\/designweekmx\\\/\"]}]}<\/script>\n<!-- \/ Yoast SEO plugin. -->","yoast_head_json":{"title":"Seleccionados PRINT 2025 - Design Week Mexico","robots":{"index":"index","follow":"follow","max-snippet":"max-snippet:-1","max-image-preview":"max-image-preview:large","max-video-preview":"max-video-preview:-1"},"canonical":"https:\/\/designweekmexico.com\/en\/seleccionados-print25\/","og_locale":"en_US","og_type":"article","og_title":"Seleccionados PRINT 2025 - Design Week Mexico","og_description":"PRINT 2O25 SELECCIONADOS AchacAdriana Mosquera SarmientoAmira TameAna Paula Mart\u00ednez M\u00e1rquezAndre TorresBrisa BelmontCarlos PlazaCRISTIAN ABDODanilson Del RosalDavid Nah\u00famDEYKA CUEVASEME ERREGabriel Guzm\u00e1nH\u00e9ctor G\u00f3mezHeriberto GuerreroIsabel BrunJes\u00fas Duriez &amp; Selene CamachoJorjojuliovzmLET-P25Lopez Valencia Jos\u00e9 GerardoMatthieu [&hellip;]","og_url":"https:\/\/designweekmexico.com\/en\/seleccionados-print25\/","og_site_name":"Design Week Mexico","article_publisher":"https:\/\/www.facebook.com\/designweekmex","article_modified_time":"2025-07-03T20:28:34+00:00","twitter_card":"summary_large_image","twitter_site":"@designweekmex","twitter_misc":{"Est. reading time":"1 minute"},"schema":{"@context":"https:\/\/schema.org","@graph":[{"@type":"WebPage","@id":"https:\/\/designweekmexico.com\/seleccionados-print25\/","url":"https:\/\/designweekmexico.com\/seleccionados-print25\/","name":"Seleccionados PRINT 2025 - Design Week Mexico","isPartOf":{"@id":"https:\/\/designweekmexico.com\/#website"},"datePublished":"2025-07-02T17:01:52+00:00","dateModified":"2025-07-03T20:28:34+00:00","breadcrumb":{"@id":"https:\/\/designweekmexico.com\/seleccionados-print25\/#breadcrumb"},"inLanguage":"en-US","potentialAction":[{"@type":"ReadAction","target":["https:\/\/designweekmexico.com\/seleccionados-print25\/"]}]},{"@type":"BreadcrumbList","@id":"https:\/\/designweekmexico.com\/seleccionados-print25\/#breadcrumb","itemListElement":[{"@type":"ListItem","position":1,"name":"Inicio","item":"https:\/\/designweekmexico.com\/"},{"@type":"ListItem","position":2,"name":"Seleccionados PRINT 2025"}]},{"@type":"WebSite","@id":"https:\/\/designweekmexico.com\/#website","url":"https:\/\/designweekmexico.com\/","name":"Design Week Mexico","description":"Dise\u00f1ando el futuro...","publisher":{"@id":"https:\/\/designweekmexico.com\/#organization"},"potentialAction":[{"@type":"SearchAction","target":{"@type":"EntryPoint","urlTemplate":"https:\/\/designweekmexico.com\/?s={search_term_string}"},"query-input":{"@type":"PropertyValueSpecification","valueRequired":true,"valueName":"search_term_string"}}],"inLanguage":"en-US"},{"@type":"Organization","@id":"https:\/\/designweekmexico.com\/#organization","name":"Design Week Mexico","url":"https:\/\/designweekmexico.com\/","logo":{"@type":"ImageObject","inLanguage":"en-US","@id":"https:\/\/designweekmexico.com\/#\/schema\/logo\/image\/","url":"https:\/\/designweekmexico.com\/wp-content\/uploads\/2025\/11\/Asset-58-70eae4.svg","contentUrl":"https:\/\/designweekmexico.com\/wp-content\/uploads\/2025\/11\/Asset-58-70eae4.svg","width":1741,"height":103,"caption":"Design Week Mexico"},"image":{"@id":"https:\/\/designweekmexico.com\/#\/schema\/logo\/image\/"},"sameAs":["https:\/\/www.facebook.com\/designweekmex","https:\/\/x.com\/designweekmex","https:\/\/www.instagram.com\/designweekmex\/","https:\/\/www.youtube.com\/user\/designweekmexico","https:\/\/vimeo.com\/designweekmexico","https:\/\/www.linkedin.com\/company\/designweekmx\/"]}]}},"jetpack_sharing_enabled":true,"_links":{"self":[{"href":"https:\/\/designweekmexico.com\/en\/wp-json\/wp\/v2\/pages\/21451","targetHints":{"allow":["GET"]}}],"collection":[{"href":"https:\/\/designweekmexico.com\/en\/wp-json\/wp\/v2\/pages"}],"about":[{"href":"https:\/\/designweekmexico.com\/en\/wp-json\/wp\/v2\/types\/page"}],"author":[{"embeddable":true,"href":"https:\/\/designweekmexico.com\/en\/wp-json\/wp\/v2\/users\/175"}],"replies":[{"embeddable":true,"href":"https:\/\/designweekmexico.com\/en\/wp-json\/wp\/v2\/comments?post=21451"}],"version-history":[{"count":16,"href":"https:\/\/designweekmexico.com\/en\/wp-json\/wp\/v2\/pages\/21451\/revisions"}],"predecessor-version":[{"id":21492,"href":"https:\/\/designweekmexico.com\/en\/wp-json\/wp\/v2\/pages\/21451\/revisions\/21492"}],"wp:attachment":[{"href":"https:\/\/designweekmexico.com\/en\/wp-json\/wp\/v2\/media?parent=21451"}],"curies":[{"name":"wp","href":"https:\/\/api.w.org\/{rel}","templated":true}]}}