{"id":3,"date":"2020-06-02T20:42:41","date_gmt":"2020-06-02T20:42:41","guid":{"rendered":"https:\/\/box5797\/cgi\/addon_GT.cgi?s=GT::WP::Install::EIG+%28mxterrit%29+-+10.0.87.30+%5BWordPress%3b+\/var\/hp\/common\/lib\/WordPress.pm%3b+295%3b+Hosting::gap_call%5D\/?page_id=3"},"modified":"2023-07-13T19:39:59","modified_gmt":"2023-07-14T00:39:59","slug":"aviso-privacidad","status":"publish","type":"page","link":"https:\/\/designweekmexico.com\/en\/aviso-privacidad\/","title":{"rendered":"Privacy Policy"},"content":{"rendered":"<p>De conformidad con lo establecido en la Ley Federal de Protecci\u00f3n de Datos Personales en Posesi\u00f3n de Particulares,&nbsp;<strong><strong>Semana del Dise\u00f1o S. A. de C. V.<\/strong><\/strong>&nbsp;pone a su disposici\u00f3n el siguiente aviso de privacidad.<\/p>\n\n\n\n<p><strong><strong>Semana del Dise\u00f1o S. A. de C. V.<\/strong>,<\/strong>&nbsp;es responsable del uso y protecci\u00f3n de sus datos personales en este sentido, y atendiendo las obligaciones legales establecidas en la Ley Federal de Protecci\u00f3n de Datos Personales en Posesi\u00f3n de Particulares, a trav\u00e9s de este instrumento se informa a los titulares de los datos, la informaci\u00f3n que de ellos se recaba y los fines que se le dar\u00e1n a dicha informaci\u00f3n.<\/p>\n\n\n\n<p>Adem\u00e1s de lo anterior, informaci\u00f3n a usted&nbsp;<strong><strong>Semana del Dise\u00f1o S. A. de C. V.<\/strong>,<\/strong>&nbsp;tiene su domicilio ubicado en:<\/p>\n\n\n\n<ul class=\"wp-block-list\">\n<li><em>Espacio CDMX, Arquitectura y Dise\u00f1o. Bosque de Chapultepec II Secc, Miguel Hidalgo CP 11100 Ciudad de M\u00e9xico, CDMX, M\u00e9xico.<\/em><\/li>\n\n\n\n<li><a rel=\"noreferrer noopener\" href=\"https:\/\/mxterritoriocreativo.com\/privacy-policy\/hola@mxterritoriocreativo.com\" target=\"_blank\"><em><\/em><\/a><em><a rel=\"noreferrer noopener\" href=\"mailto:hola@34.94.78.134\" target=\"_blank\">hola@34.94.78.134<\/a><\/em><\/li>\n<\/ul>\n\n\n\n<p>Los datos personales que recabamos de usted ser\u00e1n utilizados para las finalidades, las cuales son necesarias para concretar nuestra relaci\u00f3n con usted as\u00ed como atender los servicios y\/o pedidos que solicite:<\/p>\n\n\n\n<ul class=\"wp-block-list\">\n<li><em style=\"font-family: -apple-system, BlinkMacSystemFont, &quot;Segoe UI&quot;, Roboto, Oxygen-Sans, Ubuntu, Cantarell, &quot;Helvetica Neue&quot;, sans-serif; font-size: 1rem;\">Suscripci\u00f3n a newsletter electr\u00f3nico Design Week Mexico.<\/em><\/li>\n\n\n\n<li><em>Invitaci\u00f3n para eventos especiales de M\u00e9xico Territorio Creativo, Design Week Mexico, Arch Days CDMX y&nbsp; Espacio CDMX.<\/em><\/li>\n<\/ul>\n\n\n\n<p>Para llevar a cabo las finalidades descritas en el presente aviso de privacidad, utilizaremos los siguientes datos personales:<\/p>\n\n\n\n<ul class=\"wp-block-list\">\n<li><em>Nombre(s);<\/em><\/li>\n\n\n\n<li><em>Apellido(s);<\/em><\/li>\n\n\n\n<li>Correo electr\u00f3nico;<\/li>\n\n\n\n<li>Tel\u00e9fono;<\/li>\n\n\n\n<li>Domicilio;<\/li>\n<\/ul>\n\n\n\n<p>Por otra parte, informamos a usted, que sus datos personales no ser\u00e1n compartidos con ninguna autoridad, empresa, organizaci\u00f3n o persona distintas a nosotros y ser\u00e1n utilizados exclusivamente para los fines se\u00f1alados.<\/p>\n\n\n\n<p><\/p>\n\n\n\n<p>Usted tiene en todo momento el derecho a conocer qu\u00e9 datos personales tenemos de usted, para que los utilizamos y las condiciones del uso que les damos (Acceso). Asimismo, es su derecho solicitar la correcci\u00f3n de su informaci\u00f3n personal en caso de que est\u00e9 desactualizada, sea inexacto o incompleta (Rectificaci\u00f3n); de igual manera, tiene derecho a que su informaci\u00f3n se elimine de nuestros registros o bases de datos cuando considere que la misma no est\u00e1 siendo utilizada adecuadamente (Cancelaci\u00f3n); as\u00ed como tambi\u00e9n a oponerse al uso de sus datos personales con fines espec\u00edficos (Oposici\u00f3n). Estos derechos se conocen como derechos ARCO.<\/p>\n\n\n\n<p>Para el ejercicio de cualquiera de los derechos ARCO, se deber\u00e1 presentar la solicitud respectiva a trav\u00e9s de los formatos que estar\u00e1n a su disposici\u00f3n en:<\/p>\n\n\n\n<ul class=\"wp-block-list\">\n<li><em>Espacio CDMX, Arquitectura y Dise\u00f1o. Bosque de Chapultepec II Secc, Miguel Hidalgo CP 11100 Ciudad de M\u00e9xico.<\/em><\/li>\n\n\n\n<li><a href=\"mailto::hola@34.94.78.134\"><em>hola@34.94.78.134<\/em><\/a><\/li>\n\n\n\n<li><a href=\"http:\/\/+525527915117\/\">+52 (55) 2791 5117<\/a><\/li>\n<\/ul>\n\n\n\n<p>Lo anterior tambi\u00e9n servir\u00e1 para conocer el procedimiento y requisitos para el ejercicio de los derechos ARCO, no obstante, la solicitud de ejercicio de estos derechos debe contener la siguiente informaci\u00f3n:<\/p>\n\n\n\n<ul class=\"wp-block-list\">\n<li><em>Nombre(s);<\/em><\/li>\n\n\n\n<li><em>Apellido(s);<\/em><\/li>\n\n\n\n<li>Correo electr\u00f3nico;<\/li>\n<\/ul>\n\n\n\n<p>La respuesta a la solicitud se dar\u00e1 en 5 d\u00edas h\u00e1biles y se comunicar\u00e1 de la siguiente manera:<\/p>\n\n\n\n<ul class=\"wp-block-list\">\n<li><em>A trav\u00e9s del correo electr\u00f3nico indicado en la solicitud;<\/em><\/li>\n<\/ul>\n\n\n\n<p>Los datos de contacto de la persona o departamento de datos personales, que est\u00e1 a cargo de dar el tr\u00e1mite a las solicitudes de derechos ARCO, son los siguientes:<\/p>\n\n\n\n<ul class=\"wp-block-list\">\n<li>Nombre del responsable: Departamento de Comunicaci\u00f3n<\/li>\n\n\n\n<li>Domicilio:&nbsp;<em>Espacio CDMX, Arquitectura y Dise\u00f1o. Bosque de Chapultepec II Secc, Miguel Hidalgo CP 11100 Ciudad de M\u00e9xico.<\/em><\/li>\n\n\n\n<li>Correo electr\u00f3nico: <a rel=\"noreferrer noopener\" href=\"mailto:hola@34.94.78.134\" target=\"_blank\">hola@34.94.78.134<\/a><\/li>\n\n\n\n<li>Tel\u00e9fono:&nbsp;<a href=\"http:\/\/+525527915117\/\">+52 (55) 2791 5117<\/a><\/li>\n<\/ul>\n\n\n\n<p>Cabe mencionar, que en cualquier momento usted puede revocar su consentimiento para el uso de sus datos personales. Del mismo modo, usted puede revocar el consentimiento que, en su caso, nos haya otorgado para el tratamiento de sus datos personales. Sin embargo, es importante que tenga en cuenta que no en todos los casos podremos atender su solicitud o concluir el uso de forma inmediata, ya que es posible que por alguna obligaci\u00f3n legal se requiera seguir tratando sus datos personales. Asimismo, usted deber\u00e1 considerar que para ciertos fines, la revocaci\u00f3n de su consentimiento implicar\u00e1 que no podamos seguir prestando el servicio que nos solicit\u00f3, o la conclusi\u00f3n de su relaci\u00f3n con nosotros.<\/p>\n\n\n\n<p>Para revocar el consentimiento que usted otorga en este caso o para limitar su divulgaci\u00f3n, se deber\u00e1 presentar la solicitud respectiva a trav\u00e9s de los formatos que estar\u00e1n disponibles en:<\/p>\n\n\n\n<p>Espacio CDMX, Arquitectura y Dise\u00f1o.<\/p>\n\n\n\n<ul class=\"wp-block-list\">\n<li>Nombre del responsable: Departamento de Comunicaci\u00f3n<\/li>\n\n\n\n<li>Domicilio:&nbsp;<em>Espacio CDMX, Arquitectura y Dise\u00f1o. Bosque de Chapultepec II Secc, Miguel Hidalgo CP 11100 Ciudad de M\u00e9xico.<\/em><\/li>\n\n\n\n<li>Correo electr\u00f3nico: <a rel=\"noreferrer noopener\" href=\"mailto:hola@34.94.78.134\" target=\"_blank\">hola@34.94.78.134<\/a><\/li>\n\n\n\n<li>Tel\u00e9fono:&nbsp;<a href=\"http:\/\/+525527915117\/\">+52 (55) 2791 5117<\/a><\/li>\n<\/ul>\n\n\n\n<p>Del mismo modo, podr\u00e1 solicitar la informaci\u00f3n para conocer el procedimiento y requisitos para la revocaci\u00f3n del consentimiento, as\u00ed como limitar el uso y divulgaci\u00f3n de su informaci\u00f3n personal, sin embargo estas solicitudes deber\u00edan contener la siguiente informaci\u00f3n:<\/p>\n\n\n\n<ul class=\"wp-block-list\">\n<li><em>Nombre(s);<\/em><\/li>\n\n\n\n<li><em>Apellido(s);<\/em><\/li>\n\n\n\n<li>Correo electr\u00f3nico;<\/li>\n<\/ul>\n\n\n\n<p>La respuesta a la solicitud de revocaci\u00f3n o limitaci\u00f3n de divulgaci\u00f3n de sus datos se dar\u00e1 a m\u00e1s tardar en 2 semanas y se comunicar\u00e1 de la siguiente forma:<\/p>\n\n\n\n<ul class=\"wp-block-list\">\n<li><em>A trav\u00e9s del correo electr\u00f3nico indicado en la solicitud;<\/em><\/li>\n<\/ul>\n\n\n\n<p>El presente aviso de privacidad puede sufrir modificaciones, cambios o actualizaciones derivadas de nuevos requerimientos legales; de nuestras propias necesidades por los productos o servicios que ofrecemos; de nuestras pr\u00e1cticas de privacidad; de cambios en nuestro modelo de negocio, o por otras causas, por lo cual, nos comprometemos a mantenerlo informado sobre los cambios que pueda sufrir el presente aviso de privacidad, sin embargo, usted puede solicitar informaci\u00f3n sobre si el mismo ha sufrido alg\u00fan cambio a trav\u00e9s de la siguiente direcci\u00f3n electr\u00f3nica:<\/p>\n\n\n\n<p> <a rel=\"noreferrer noopener\" href=\"mailto:hola@34.94.78.134\" target=\"_blank\">hola@34.94.78.134<\/a><\/p>\n\n\n\n<p>\u00daltima actualizaci\u00f3n: 08\/07\/2020<\/p>\n\n\n\n<div style=\"height:30px\" aria-hidden=\"true\" class=\"wp-block-spacer\"><\/div>\n\n\n\n<figure class=\"wp-block-image is-resized\"><img decoding=\"async\" src=\"https:\/\/i2.wp.com\/mxterritoriocreativo.com\/\/\/wp-content\/uploads\/2019\/02\/mxtc_icon.png?resize=100%2C100&amp;ssl=1\" alt=\"\" class=\"wp-image-10\" style=\"width:65px;height:65px\" width=\"65\" height=\"65\"\/><\/figure>","protected":false},"excerpt":{"rendered":"<p>De conformidad con lo establecido en la Ley Federal de Protecci\u00f3n de Datos Personales en Posesi\u00f3n de Particulares,&nbsp;Semana del Dise\u00f1o S. A. de C. V.&nbsp;pone a su disposici\u00f3n el siguiente [&hellip;]<\/p>","protected":false},"author":175,"featured_media":0,"parent":0,"menu_order":0,"comment_status":"closed","ping_status":"closed","template":"","meta":{"_themeisle_gutenberg_block_has_review":false,"footnotes":""},"class_list":["post-3","page","type-page","status-publish","hentry"],"blocksy_meta":{"styles_descriptor":{"styles":{"desktop":"","tablet":"","mobile":""},"google_fonts":[],"version":6}},"yoast_head":"<!-- This site is optimized with the Yoast SEO plugin v27.4 - https:\/\/yoast.com\/product\/yoast-seo-wordpress\/ -->\n<title>Aviso de Privacidad - Design Week Mexico<\/title>\n<meta name=\"robots\" content=\"index, follow, max-snippet:-1, max-image-preview:large, max-video-preview:-1\" \/>\n<link rel=\"canonical\" href=\"https:\/\/designweekmexico.com\/en\/aviso-privacidad\/\" \/>\n<meta property=\"og:locale\" content=\"en_US\" \/>\n<meta property=\"og:type\" content=\"article\" \/>\n<meta property=\"og:title\" content=\"Aviso de Privacidad - Design Week Mexico\" \/>\n<meta property=\"og:description\" content=\"De conformidad con lo establecido en la Ley Federal de Protecci\u00f3n de Datos Personales en Posesi\u00f3n de Particulares,&nbsp;Semana del Dise\u00f1o S. A. de C. V.&nbsp;pone a su disposici\u00f3n el siguiente [&hellip;]\" \/>\n<meta property=\"og:url\" content=\"https:\/\/designweekmexico.com\/en\/aviso-privacidad\/\" \/>\n<meta property=\"og:site_name\" content=\"Design Week Mexico\" \/>\n<meta property=\"article:publisher\" content=\"https:\/\/www.facebook.com\/designweekmex\" \/>\n<meta property=\"article:modified_time\" content=\"2023-07-14T00:39:59+00:00\" \/>\n<meta property=\"og:image\" content=\"https:\/\/i2.wp.com\/mxterritoriocreativo.com\/\/\/wp-content\/uploads\/2019\/02\/mxtc_icon.png?resize=100%2C100&amp;ssl=1\" \/>\n<meta name=\"twitter:card\" content=\"summary_large_image\" \/>\n<meta name=\"twitter:site\" content=\"@designweekmex\" \/>\n<meta name=\"twitter:label1\" content=\"Est. reading time\" \/>\n\t<meta name=\"twitter:data1\" content=\"5 minutes\" \/>\n<script type=\"application\/ld+json\" class=\"yoast-schema-graph\">{\"@context\":\"https:\\\/\\\/schema.org\",\"@graph\":[{\"@type\":\"WebPage\",\"@id\":\"https:\\\/\\\/designweekmexico.com\\\/aviso-privacidad\\\/\",\"url\":\"https:\\\/\\\/designweekmexico.com\\\/aviso-privacidad\\\/\",\"name\":\"Aviso de Privacidad - Design Week Mexico\",\"isPartOf\":{\"@id\":\"https:\\\/\\\/designweekmexico.com\\\/#website\"},\"primaryImageOfPage\":{\"@id\":\"https:\\\/\\\/designweekmexico.com\\\/aviso-privacidad\\\/#primaryimage\"},\"image\":{\"@id\":\"https:\\\/\\\/designweekmexico.com\\\/aviso-privacidad\\\/#primaryimage\"},\"thumbnailUrl\":\"https:\\\/\\\/i2.wp.com\\\/mxterritoriocreativo.com\\\/\\\/\\\/wp-content\\\/uploads\\\/2019\\\/02\\\/mxtc_icon.png?resize=100%2C100&amp;ssl=1\",\"datePublished\":\"2020-06-02T20:42:41+00:00\",\"dateModified\":\"2023-07-14T00:39:59+00:00\",\"breadcrumb\":{\"@id\":\"https:\\\/\\\/designweekmexico.com\\\/aviso-privacidad\\\/#breadcrumb\"},\"inLanguage\":\"en-US\",\"potentialAction\":[{\"@type\":\"ReadAction\",\"target\":[\"https:\\\/\\\/designweekmexico.com\\\/aviso-privacidad\\\/\"]}]},{\"@type\":\"ImageObject\",\"inLanguage\":\"en-US\",\"@id\":\"https:\\\/\\\/designweekmexico.com\\\/aviso-privacidad\\\/#primaryimage\",\"url\":\"https:\\\/\\\/i2.wp.com\\\/mxterritoriocreativo.com\\\/\\\/\\\/wp-content\\\/uploads\\\/2019\\\/02\\\/mxtc_icon.png?resize=100%2C100&amp;ssl=1\",\"contentUrl\":\"https:\\\/\\\/i2.wp.com\\\/mxterritoriocreativo.com\\\/\\\/\\\/wp-content\\\/uploads\\\/2019\\\/02\\\/mxtc_icon.png?resize=100%2C100&amp;ssl=1\"},{\"@type\":\"BreadcrumbList\",\"@id\":\"https:\\\/\\\/designweekmexico.com\\\/aviso-privacidad\\\/#breadcrumb\",\"itemListElement\":[{\"@type\":\"ListItem\",\"position\":1,\"name\":\"Inicio\",\"item\":\"https:\\\/\\\/designweekmexico.com\\\/\"},{\"@type\":\"ListItem\",\"position\":2,\"name\":\"Aviso de Privacidad\"}]},{\"@type\":\"WebSite\",\"@id\":\"https:\\\/\\\/designweekmexico.com\\\/#website\",\"url\":\"https:\\\/\\\/designweekmexico.com\\\/\",\"name\":\"Design Week Mexico\",\"description\":\"Dise\u00f1ando el futuro...\",\"publisher\":{\"@id\":\"https:\\\/\\\/designweekmexico.com\\\/#organization\"},\"potentialAction\":[{\"@type\":\"SearchAction\",\"target\":{\"@type\":\"EntryPoint\",\"urlTemplate\":\"https:\\\/\\\/designweekmexico.com\\\/?s={search_term_string}\"},\"query-input\":{\"@type\":\"PropertyValueSpecification\",\"valueRequired\":true,\"valueName\":\"search_term_string\"}}],\"inLanguage\":\"en-US\"},{\"@type\":\"Organization\",\"@id\":\"https:\\\/\\\/designweekmexico.com\\\/#organization\",\"name\":\"Design Week Mexico\",\"url\":\"https:\\\/\\\/designweekmexico.com\\\/\",\"logo\":{\"@type\":\"ImageObject\",\"inLanguage\":\"en-US\",\"@id\":\"https:\\\/\\\/designweekmexico.com\\\/#\\\/schema\\\/logo\\\/image\\\/\",\"url\":\"https:\\\/\\\/designweekmexico.com\\\/wp-content\\\/uploads\\\/2025\\\/11\\\/Asset-58-70eae4.svg\",\"contentUrl\":\"https:\\\/\\\/designweekmexico.com\\\/wp-content\\\/uploads\\\/2025\\\/11\\\/Asset-58-70eae4.svg\",\"width\":1741,\"height\":103,\"caption\":\"Design Week Mexico\"},\"image\":{\"@id\":\"https:\\\/\\\/designweekmexico.com\\\/#\\\/schema\\\/logo\\\/image\\\/\"},\"sameAs\":[\"https:\\\/\\\/www.facebook.com\\\/designweekmex\",\"https:\\\/\\\/x.com\\\/designweekmex\",\"https:\\\/\\\/www.instagram.com\\\/designweekmex\\\/\",\"https:\\\/\\\/www.youtube.com\\\/user\\\/designweekmexico\",\"https:\\\/\\\/vimeo.com\\\/designweekmexico\",\"https:\\\/\\\/www.linkedin.com\\\/company\\\/designweekmx\\\/\"]}]}<\/script>\n<!-- \/ Yoast SEO plugin. -->","yoast_head_json":{"title":"Aviso de Privacidad - Design Week Mexico","robots":{"index":"index","follow":"follow","max-snippet":"max-snippet:-1","max-image-preview":"max-image-preview:large","max-video-preview":"max-video-preview:-1"},"canonical":"https:\/\/designweekmexico.com\/en\/aviso-privacidad\/","og_locale":"en_US","og_type":"article","og_title":"Aviso de Privacidad - Design Week Mexico","og_description":"De conformidad con lo establecido en la Ley Federal de Protecci\u00f3n de Datos Personales en Posesi\u00f3n de Particulares,&nbsp;Semana del Dise\u00f1o S. A. de C. V.&nbsp;pone a su disposici\u00f3n el siguiente [&hellip;]","og_url":"https:\/\/designweekmexico.com\/en\/aviso-privacidad\/","og_site_name":"Design Week Mexico","article_publisher":"https:\/\/www.facebook.com\/designweekmex","article_modified_time":"2023-07-14T00:39:59+00:00","og_image":[{"url":"https:\/\/i2.wp.com\/mxterritoriocreativo.com\/\/\/wp-content\/uploads\/2019\/02\/mxtc_icon.png?resize=100%2C100&amp;ssl=1","type":"","width":"","height":""}],"twitter_card":"summary_large_image","twitter_site":"@designweekmex","twitter_misc":{"Est. reading time":"5 minutes"},"schema":{"@context":"https:\/\/schema.org","@graph":[{"@type":"WebPage","@id":"https:\/\/designweekmexico.com\/aviso-privacidad\/","url":"https:\/\/designweekmexico.com\/aviso-privacidad\/","name":"Aviso de Privacidad - Design Week Mexico","isPartOf":{"@id":"https:\/\/designweekmexico.com\/#website"},"primaryImageOfPage":{"@id":"https:\/\/designweekmexico.com\/aviso-privacidad\/#primaryimage"},"image":{"@id":"https:\/\/designweekmexico.com\/aviso-privacidad\/#primaryimage"},"thumbnailUrl":"https:\/\/i2.wp.com\/mxterritoriocreativo.com\/\/\/wp-content\/uploads\/2019\/02\/mxtc_icon.png?resize=100%2C100&amp;ssl=1","datePublished":"2020-06-02T20:42:41+00:00","dateModified":"2023-07-14T00:39:59+00:00","breadcrumb":{"@id":"https:\/\/designweekmexico.com\/aviso-privacidad\/#breadcrumb"},"inLanguage":"en-US","potentialAction":[{"@type":"ReadAction","target":["https:\/\/designweekmexico.com\/aviso-privacidad\/"]}]},{"@type":"ImageObject","inLanguage":"en-US","@id":"https:\/\/designweekmexico.com\/aviso-privacidad\/#primaryimage","url":"https:\/\/i2.wp.com\/mxterritoriocreativo.com\/\/\/wp-content\/uploads\/2019\/02\/mxtc_icon.png?resize=100%2C100&amp;ssl=1","contentUrl":"https:\/\/i2.wp.com\/mxterritoriocreativo.com\/\/\/wp-content\/uploads\/2019\/02\/mxtc_icon.png?resize=100%2C100&amp;ssl=1"},{"@type":"BreadcrumbList","@id":"https:\/\/designweekmexico.com\/aviso-privacidad\/#breadcrumb","itemListElement":[{"@type":"ListItem","position":1,"name":"Inicio","item":"https:\/\/designweekmexico.com\/"},{"@type":"ListItem","position":2,"name":"Aviso de Privacidad"}]},{"@type":"WebSite","@id":"https:\/\/designweekmexico.com\/#website","url":"https:\/\/designweekmexico.com\/","name":"Design Week Mexico","description":"Dise\u00f1ando el futuro...","publisher":{"@id":"https:\/\/designweekmexico.com\/#organization"},"potentialAction":[{"@type":"SearchAction","target":{"@type":"EntryPoint","urlTemplate":"https:\/\/designweekmexico.com\/?s={search_term_string}"},"query-input":{"@type":"PropertyValueSpecification","valueRequired":true,"valueName":"search_term_string"}}],"inLanguage":"en-US"},{"@type":"Organization","@id":"https:\/\/designweekmexico.com\/#organization","name":"Design Week Mexico","url":"https:\/\/designweekmexico.com\/","logo":{"@type":"ImageObject","inLanguage":"en-US","@id":"https:\/\/designweekmexico.com\/#\/schema\/logo\/image\/","url":"https:\/\/designweekmexico.com\/wp-content\/uploads\/2025\/11\/Asset-58-70eae4.svg","contentUrl":"https:\/\/designweekmexico.com\/wp-content\/uploads\/2025\/11\/Asset-58-70eae4.svg","width":1741,"height":103,"caption":"Design Week Mexico"},"image":{"@id":"https:\/\/designweekmexico.com\/#\/schema\/logo\/image\/"},"sameAs":["https:\/\/www.facebook.com\/designweekmex","https:\/\/x.com\/designweekmex","https:\/\/www.instagram.com\/designweekmex\/","https:\/\/www.youtube.com\/user\/designweekmexico","https:\/\/vimeo.com\/designweekmexico","https:\/\/www.linkedin.com\/company\/designweekmx\/"]}]}},"jetpack_sharing_enabled":true,"_links":{"self":[{"href":"https:\/\/designweekmexico.com\/en\/wp-json\/wp\/v2\/pages\/3","targetHints":{"allow":["GET"]}}],"collection":[{"href":"https:\/\/designweekmexico.com\/en\/wp-json\/wp\/v2\/pages"}],"about":[{"href":"https:\/\/designweekmexico.com\/en\/wp-json\/wp\/v2\/types\/page"}],"author":[{"embeddable":true,"href":"https:\/\/designweekmexico.com\/en\/wp-json\/wp\/v2\/users\/175"}],"replies":[{"embeddable":true,"href":"https:\/\/designweekmexico.com\/en\/wp-json\/wp\/v2\/comments?post=3"}],"version-history":[{"count":6,"href":"https:\/\/designweekmexico.com\/en\/wp-json\/wp\/v2\/pages\/3\/revisions"}],"predecessor-version":[{"id":10973,"href":"https:\/\/designweekmexico.com\/en\/wp-json\/wp\/v2\/pages\/3\/revisions\/10973"}],"wp:attachment":[{"href":"https:\/\/designweekmexico.com\/en\/wp-json\/wp\/v2\/media?parent=3"}],"curies":[{"name":"wp","href":"https:\/\/api.w.org\/{rel}","templated":true}]}}