{"id":17359,"date":"2024-09-12T16:36:06","date_gmt":"2024-09-12T21:36:06","guid":{"rendered":"https:\/\/designweekmexico.com\/?post_type=product&#038;p=17359"},"modified":"2024-09-12T16:39:43","modified_gmt":"2024-09-12T21:39:43","slug":"print-2024","status":"publish","type":"product","link":"https:\/\/designweekmexico.com\/en\/product\/print-2024\/","title":{"rendered":"PRINT 2024"},"content":{"rendered":"<p><strong>Participaci\u00f3n PRINT 2024<\/strong><\/p>\n<p><span style=\"font-weight: 400;\">Design Week M\u00e9xico invita a muralistas, renderistas, ilustradorxs, dise\u00f1adorxs y artistas gr\u00e1ficxs de todo el mundo a participar en la primera edici\u00f3n de PRINT 2024, que se llevar\u00e1 a cabo del 07 de octubre al 03 de noviembre en el White Box de G.56 Hub Creativo. Bajo el lema &#8220;Dise\u00f1ando el Futuro&#8221;, esta convocatoria ofrece una plataforma para presentar obras gr\u00e1ficas que exploren c\u00f3mo la creatividad puede moldear los pr\u00f3ximos a\u00f1os.<\/span><\/p>","protected":false},"excerpt":{"rendered":"<p><strong>Participaci\u00f3n PRINT 2024<\/strong><\/p>\n<p><span style=\"font-weight: 400;\">Design Week M\u00e9xico invita a muralistas, renderistas, ilustradorxs, dise\u00f1adorxs y artistas gr\u00e1ficxs de todo el mundo a participar en la primera edici\u00f3n de PRINT 2024, que se llevar\u00e1 a cabo del 07 de octubre al 03 de noviembre en el White Box de G.56 Hub Creativo. Bajo el lema &#8220;Dise\u00f1ando el Futuro&#8221;, esta convocatoria ofrece una plataforma para presentar obras gr\u00e1ficas que exploren c\u00f3mo la creatividad puede moldear los pr\u00f3ximos a\u00f1os.<\/span><\/p>","protected":false},"featured_media":17360,"template":"","meta":{"_themeisle_gutenberg_block_has_review":false},"product_brand":[],"product_cat":[31],"product_tag":[],"class_list":{"0":"post-17359","1":"product","2":"type-product","3":"status-publish","4":"has-post-thumbnail","6":"product_cat-participacion","8":"first","9":"instock","10":"virtual","11":"taxable","12":"purchasable","13":"product-type-simple"},"yoast_head":"<!-- This site is optimized with the Yoast SEO plugin v27.3 - https:\/\/yoast.com\/product\/yoast-seo-wordpress\/ -->\n<title>PRINT 2024 - Design Week Mexico<\/title>\n<meta name=\"robots\" content=\"noindex, nofollow\" \/>\n<meta property=\"og:locale\" content=\"en_US\" \/>\n<meta property=\"og:type\" content=\"article\" \/>\n<meta property=\"og:title\" content=\"PRINT 2024 - Design Week Mexico\" \/>\n<meta property=\"og:description\" content=\"Participaci\u00f3n PRINT 2024  Design Week M\u00e9xico invita a muralistas, renderistas, ilustradorxs, dise\u00f1adorxs y artistas gr\u00e1ficxs de todo el mundo a participar en la primera edici\u00f3n de PRINT 2024, que se llevar\u00e1 a cabo del 07 de octubre al 03 de noviembre en el White Box de G.56 Hub Creativo. Bajo el lema &quot;Dise\u00f1ando el Futuro&quot;, esta convocatoria ofrece una plataforma para presentar obras gr\u00e1ficas que exploren c\u00f3mo la creatividad puede moldear los pr\u00f3ximos a\u00f1os.\" \/>\n<meta property=\"og:url\" content=\"https:\/\/designweekmexico.com\/en\/product\/print-2024\/\" \/>\n<meta property=\"og:site_name\" content=\"Design Week Mexico\" \/>\n<meta property=\"article:publisher\" content=\"https:\/\/www.facebook.com\/designweekmex\" \/>\n<meta property=\"article:modified_time\" content=\"2024-09-12T21:39:43+00:00\" \/>\n<meta property=\"og:image\" content=\"https:\/\/designweekmexico.com\/wp-content\/uploads\/2024\/09\/producto-print.png\" \/>\n\t<meta property=\"og:image:width\" content=\"1920\" \/>\n\t<meta property=\"og:image:height\" content=\"1280\" \/>\n\t<meta property=\"og:image:type\" content=\"image\/png\" \/>\n<meta name=\"twitter:card\" content=\"summary_large_image\" \/>\n<meta name=\"twitter:site\" content=\"@designweekmex\" \/>\n<meta name=\"twitter:label1\" content=\"Est. reading time\" \/>\n\t<meta name=\"twitter:data1\" content=\"1 minute\" \/>\n<script type=\"application\/ld+json\" class=\"yoast-schema-graph\">{\"@context\":\"https:\\\/\\\/schema.org\",\"@graph\":[{\"@type\":\"WebPage\",\"@id\":\"https:\\\/\\\/designweekmexico.com\\\/producto\\\/print-2024\\\/\",\"url\":\"https:\\\/\\\/designweekmexico.com\\\/producto\\\/print-2024\\\/\",\"name\":\"PRINT 2024 - Design Week Mexico\",\"isPartOf\":{\"@id\":\"https:\\\/\\\/designweekmexico.com\\\/#website\"},\"primaryImageOfPage\":{\"@id\":\"https:\\\/\\\/designweekmexico.com\\\/producto\\\/print-2024\\\/#primaryimage\"},\"image\":{\"@id\":\"https:\\\/\\\/designweekmexico.com\\\/producto\\\/print-2024\\\/#primaryimage\"},\"thumbnailUrl\":\"https:\\\/\\\/designweekmexico.com\\\/wp-content\\\/uploads\\\/2024\\\/09\\\/producto-print.png\",\"datePublished\":\"2024-09-12T21:36:06+00:00\",\"dateModified\":\"2024-09-12T21:39:43+00:00\",\"breadcrumb\":{\"@id\":\"https:\\\/\\\/designweekmexico.com\\\/producto\\\/print-2024\\\/#breadcrumb\"},\"inLanguage\":\"en-US\",\"potentialAction\":[{\"@type\":\"ReadAction\",\"target\":[\"https:\\\/\\\/designweekmexico.com\\\/producto\\\/print-2024\\\/\"]}]},{\"@type\":\"ImageObject\",\"inLanguage\":\"en-US\",\"@id\":\"https:\\\/\\\/designweekmexico.com\\\/producto\\\/print-2024\\\/#primaryimage\",\"url\":\"https:\\\/\\\/designweekmexico.com\\\/wp-content\\\/uploads\\\/2024\\\/09\\\/producto-print.png\",\"contentUrl\":\"https:\\\/\\\/designweekmexico.com\\\/wp-content\\\/uploads\\\/2024\\\/09\\\/producto-print.png\",\"width\":1920,\"height\":1280},{\"@type\":\"BreadcrumbList\",\"@id\":\"https:\\\/\\\/designweekmexico.com\\\/producto\\\/print-2024\\\/#breadcrumb\",\"itemListElement\":[{\"@type\":\"ListItem\",\"position\":1,\"name\":\"Inicio\",\"item\":\"https:\\\/\\\/designweekmexico.com\\\/\"},{\"@type\":\"ListItem\",\"position\":2,\"name\":\"Tienda\",\"item\":\"https:\\\/\\\/designweekmexico.com\\\/tienda\\\/\"},{\"@type\":\"ListItem\",\"position\":3,\"name\":\"PRINT 2024\"}]},{\"@type\":\"WebSite\",\"@id\":\"https:\\\/\\\/designweekmexico.com\\\/#website\",\"url\":\"https:\\\/\\\/designweekmexico.com\\\/\",\"name\":\"Design Week Mexico\",\"description\":\"Dise\u00f1ando el futuro...\",\"publisher\":{\"@id\":\"https:\\\/\\\/designweekmexico.com\\\/#organization\"},\"potentialAction\":[{\"@type\":\"SearchAction\",\"target\":{\"@type\":\"EntryPoint\",\"urlTemplate\":\"https:\\\/\\\/designweekmexico.com\\\/?s={search_term_string}\"},\"query-input\":{\"@type\":\"PropertyValueSpecification\",\"valueRequired\":true,\"valueName\":\"search_term_string\"}}],\"inLanguage\":\"en-US\"},{\"@type\":\"Organization\",\"@id\":\"https:\\\/\\\/designweekmexico.com\\\/#organization\",\"name\":\"Design Week Mexico\",\"url\":\"https:\\\/\\\/designweekmexico.com\\\/\",\"logo\":{\"@type\":\"ImageObject\",\"inLanguage\":\"en-US\",\"@id\":\"https:\\\/\\\/designweekmexico.com\\\/#\\\/schema\\\/logo\\\/image\\\/\",\"url\":\"https:\\\/\\\/designweekmexico.com\\\/wp-content\\\/uploads\\\/2025\\\/11\\\/Asset-58-70eae4.svg\",\"contentUrl\":\"https:\\\/\\\/designweekmexico.com\\\/wp-content\\\/uploads\\\/2025\\\/11\\\/Asset-58-70eae4.svg\",\"width\":1741,\"height\":103,\"caption\":\"Design Week Mexico\"},\"image\":{\"@id\":\"https:\\\/\\\/designweekmexico.com\\\/#\\\/schema\\\/logo\\\/image\\\/\"},\"sameAs\":[\"https:\\\/\\\/www.facebook.com\\\/designweekmex\",\"https:\\\/\\\/x.com\\\/designweekmex\",\"https:\\\/\\\/www.instagram.com\\\/designweekmex\\\/\",\"https:\\\/\\\/www.youtube.com\\\/user\\\/designweekmexico\",\"https:\\\/\\\/vimeo.com\\\/designweekmexico\",\"https:\\\/\\\/www.linkedin.com\\\/company\\\/designweekmx\\\/\"]}]}<\/script>\n<!-- \/ Yoast SEO plugin. -->","yoast_head_json":{"title":"PRINT 2024 - Design Week Mexico","robots":{"index":"noindex","follow":"nofollow"},"og_locale":"en_US","og_type":"article","og_title":"PRINT 2024 - Design Week Mexico","og_description":"Participaci\u00f3n PRINT 2024  Design Week M\u00e9xico invita a muralistas, renderistas, ilustradorxs, dise\u00f1adorxs y artistas gr\u00e1ficxs de todo el mundo a participar en la primera edici\u00f3n de PRINT 2024, que se llevar\u00e1 a cabo del 07 de octubre al 03 de noviembre en el White Box de G.56 Hub Creativo. Bajo el lema \"Dise\u00f1ando el Futuro\", esta convocatoria ofrece una plataforma para presentar obras gr\u00e1ficas que exploren c\u00f3mo la creatividad puede moldear los pr\u00f3ximos a\u00f1os.","og_url":"https:\/\/designweekmexico.com\/en\/product\/print-2024\/","og_site_name":"Design Week Mexico","article_publisher":"https:\/\/www.facebook.com\/designweekmex","article_modified_time":"2024-09-12T21:39:43+00:00","og_image":[{"width":1920,"height":1280,"url":"https:\/\/designweekmexico.com\/wp-content\/uploads\/2024\/09\/producto-print.png","type":"image\/png"}],"twitter_card":"summary_large_image","twitter_site":"@designweekmex","twitter_misc":{"Est. reading time":"1 minute"},"schema":{"@context":"https:\/\/schema.org","@graph":[{"@type":"WebPage","@id":"https:\/\/designweekmexico.com\/producto\/print-2024\/","url":"https:\/\/designweekmexico.com\/producto\/print-2024\/","name":"PRINT 2024 - Design Week Mexico","isPartOf":{"@id":"https:\/\/designweekmexico.com\/#website"},"primaryImageOfPage":{"@id":"https:\/\/designweekmexico.com\/producto\/print-2024\/#primaryimage"},"image":{"@id":"https:\/\/designweekmexico.com\/producto\/print-2024\/#primaryimage"},"thumbnailUrl":"https:\/\/designweekmexico.com\/wp-content\/uploads\/2024\/09\/producto-print.png","datePublished":"2024-09-12T21:36:06+00:00","dateModified":"2024-09-12T21:39:43+00:00","breadcrumb":{"@id":"https:\/\/designweekmexico.com\/producto\/print-2024\/#breadcrumb"},"inLanguage":"en-US","potentialAction":[{"@type":"ReadAction","target":["https:\/\/designweekmexico.com\/producto\/print-2024\/"]}]},{"@type":"ImageObject","inLanguage":"en-US","@id":"https:\/\/designweekmexico.com\/producto\/print-2024\/#primaryimage","url":"https:\/\/designweekmexico.com\/wp-content\/uploads\/2024\/09\/producto-print.png","contentUrl":"https:\/\/designweekmexico.com\/wp-content\/uploads\/2024\/09\/producto-print.png","width":1920,"height":1280},{"@type":"BreadcrumbList","@id":"https:\/\/designweekmexico.com\/producto\/print-2024\/#breadcrumb","itemListElement":[{"@type":"ListItem","position":1,"name":"Inicio","item":"https:\/\/designweekmexico.com\/"},{"@type":"ListItem","position":2,"name":"Tienda","item":"https:\/\/designweekmexico.com\/tienda\/"},{"@type":"ListItem","position":3,"name":"PRINT 2024"}]},{"@type":"WebSite","@id":"https:\/\/designweekmexico.com\/#website","url":"https:\/\/designweekmexico.com\/","name":"Design Week Mexico","description":"Dise\u00f1ando el futuro...","publisher":{"@id":"https:\/\/designweekmexico.com\/#organization"},"potentialAction":[{"@type":"SearchAction","target":{"@type":"EntryPoint","urlTemplate":"https:\/\/designweekmexico.com\/?s={search_term_string}"},"query-input":{"@type":"PropertyValueSpecification","valueRequired":true,"valueName":"search_term_string"}}],"inLanguage":"en-US"},{"@type":"Organization","@id":"https:\/\/designweekmexico.com\/#organization","name":"Design Week Mexico","url":"https:\/\/designweekmexico.com\/","logo":{"@type":"ImageObject","inLanguage":"en-US","@id":"https:\/\/designweekmexico.com\/#\/schema\/logo\/image\/","url":"https:\/\/designweekmexico.com\/wp-content\/uploads\/2025\/11\/Asset-58-70eae4.svg","contentUrl":"https:\/\/designweekmexico.com\/wp-content\/uploads\/2025\/11\/Asset-58-70eae4.svg","width":1741,"height":103,"caption":"Design Week Mexico"},"image":{"@id":"https:\/\/designweekmexico.com\/#\/schema\/logo\/image\/"},"sameAs":["https:\/\/www.facebook.com\/designweekmex","https:\/\/x.com\/designweekmex","https:\/\/www.instagram.com\/designweekmex\/","https:\/\/www.youtube.com\/user\/designweekmexico","https:\/\/vimeo.com\/designweekmexico","https:\/\/www.linkedin.com\/company\/designweekmx\/"]}]}},"jetpack_sharing_enabled":true,"_links":{"self":[{"href":"https:\/\/designweekmexico.com\/en\/wp-json\/wp\/v2\/product\/17359","targetHints":{"allow":["GET"]}}],"collection":[{"href":"https:\/\/designweekmexico.com\/en\/wp-json\/wp\/v2\/product"}],"about":[{"href":"https:\/\/designweekmexico.com\/en\/wp-json\/wp\/v2\/types\/product"}],"wp:featuredmedia":[{"embeddable":true,"href":"https:\/\/designweekmexico.com\/en\/wp-json\/wp\/v2\/media\/17360"}],"wp:attachment":[{"href":"https:\/\/designweekmexico.com\/en\/wp-json\/wp\/v2\/media?parent=17359"}],"wp:term":[{"taxonomy":"product_brand","embeddable":true,"href":"https:\/\/designweekmexico.com\/en\/wp-json\/wp\/v2\/product_brand?post=17359"},{"taxonomy":"product_cat","embeddable":true,"href":"https:\/\/designweekmexico.com\/en\/wp-json\/wp\/v2\/product_cat?post=17359"},{"taxonomy":"product_tag","embeddable":true,"href":"https:\/\/designweekmexico.com\/en\/wp-json\/wp\/v2\/product_tag?post=17359"}],"curies":[{"name":"wp","href":"https:\/\/api.w.org\/{rel}","templated":true}]}}