{"id":21122,"date":"2025-06-02T12:54:01","date_gmt":"2025-06-02T17:54:01","guid":{"rendered":"https:\/\/designweekmexico.com\/?post_type=product&#038;p=21122"},"modified":"2025-06-02T13:03:31","modified_gmt":"2025-06-02T18:03:31","slug":"partners-tours-de-diseno-2025","status":"publish","type":"product","link":"https:\/\/designweekmexico.com\/en\/product\/partners-tours-de-diseno-2025\/","title":{"rendered":"Partners \u2013 Tours de Dise\u00f1o 2025"},"content":{"rendered":"<p><strong>Participaci\u00f3n Tours de Dise\u00f1o 2025 (Partners)<\/strong><\/p>\n<p>Nos complace invitarlos a formar parte de los emocionantes <strong>Design Tours<\/strong> que se llevar\u00e1n a cabo en la Ciudad de M\u00e9xico. Estamos en busca de aquellos que deseen compartir su pasi\u00f3n y talento con nuestra comunidad, y mostrar al mundo la riqueza del dise\u00f1o mexicano contempor\u00e1neo y artesanal.<\/p>\n<div id=\"gtx-trans\" style=\"position: absolute; left: 301px; top: 48px;\">\n<div class=\"gtx-trans-icon\"><\/div>\n<\/div>","protected":false},"excerpt":{"rendered":"<p><strong>Participaci\u00f3n Tours de Dise\u00f1o 2025 (Partners)<\/strong><\/p>\n<p>Nos complace invitarlos a formar parte de los emocionantes <strong>Design Tours<\/strong> que se llevar\u00e1n a cabo en la Ciudad de M\u00e9xico. Estamos en busca de aquellos que deseen compartir su pasi\u00f3n y talento con nuestra comunidad, y mostrar al mundo la riqueza del dise\u00f1o mexicano contempor\u00e1neo y artesanal.<\/p>\n<div id=\"gtx-trans\" style=\"position: absolute; left: 303px; top: -9px;\">\n<div class=\"gtx-trans-icon\"><\/div>\n<\/div>","protected":false},"featured_media":21098,"template":"","meta":{"_themeisle_gutenberg_block_has_review":false},"product_brand":[],"product_cat":[31],"product_tag":[],"class_list":{"0":"post-21122","1":"product","2":"type-product","3":"status-publish","4":"has-post-thumbnail","6":"product_cat-participacion","8":"first","9":"instock","10":"virtual","11":"sold-individually","12":"taxable","13":"purchasable","14":"product-type-simple"},"yoast_head":"<!-- This site is optimized with the Yoast SEO plugin v27.3 - https:\/\/yoast.com\/product\/yoast-seo-wordpress\/ -->\n<title>Partners \u2013 Tours de Dise\u00f1o 2025 - Design Week Mexico<\/title>\n<meta name=\"robots\" content=\"noindex, nofollow\" \/>\n<meta property=\"og:locale\" content=\"en_US\" \/>\n<meta property=\"og:type\" content=\"article\" \/>\n<meta property=\"og:title\" content=\"Partners \u2013 Tours de Dise\u00f1o 2025 - Design Week Mexico\" \/>\n<meta property=\"og:description\" content=\"Participaci\u00f3n Tours de Dise\u00f1o 2025 (Partners)  Nos complace invitarlos a formar parte de los emocionantes Tours de Dise\u00f1o que se llevar\u00e1n a cabo en la Ciudad de M\u00e9xico. Estamos en busca de aquellos que deseen compartir su pasi\u00f3n y talento con nuestra comunidad, y mostrar al mundo la riqueza del dise\u00f1o mexicano contempor\u00e1neo y artesanal.\" \/>\n<meta property=\"og:url\" content=\"https:\/\/designweekmexico.com\/en\/product\/partners-tours-de-diseno-2025\/\" \/>\n<meta property=\"og:site_name\" content=\"Design Week Mexico\" \/>\n<meta property=\"article:publisher\" content=\"https:\/\/www.facebook.com\/designweekmex\" \/>\n<meta property=\"article:modified_time\" content=\"2025-06-02T18:03:31+00:00\" \/>\n<meta property=\"og:image\" content=\"https:\/\/designweekmexico.com\/wp-content\/uploads\/2025\/05\/TD25-C-1024x683.png\" \/>\n\t<meta property=\"og:image:width\" content=\"1024\" \/>\n\t<meta property=\"og:image:height\" content=\"683\" \/>\n\t<meta property=\"og:image:type\" content=\"image\/png\" \/>\n<meta name=\"twitter:card\" content=\"summary_large_image\" \/>\n<meta name=\"twitter:site\" content=\"@designweekmex\" \/>\n<meta name=\"twitter:label1\" content=\"Est. reading time\" \/>\n\t<meta name=\"twitter:data1\" content=\"1 minute\" \/>\n<script type=\"application\/ld+json\" class=\"yoast-schema-graph\">{\"@context\":\"https:\\\/\\\/schema.org\",\"@graph\":[{\"@type\":\"WebPage\",\"@id\":\"https:\\\/\\\/designweekmexico.com\\\/producto\\\/partners-tours-de-diseno-2025\\\/\",\"url\":\"https:\\\/\\\/designweekmexico.com\\\/producto\\\/partners-tours-de-diseno-2025\\\/\",\"name\":\"Partners \u2013 Tours de Dise\u00f1o 2025 - Design Week Mexico\",\"isPartOf\":{\"@id\":\"https:\\\/\\\/designweekmexico.com\\\/#website\"},\"primaryImageOfPage\":{\"@id\":\"https:\\\/\\\/designweekmexico.com\\\/producto\\\/partners-tours-de-diseno-2025\\\/#primaryimage\"},\"image\":{\"@id\":\"https:\\\/\\\/designweekmexico.com\\\/producto\\\/partners-tours-de-diseno-2025\\\/#primaryimage\"},\"thumbnailUrl\":\"https:\\\/\\\/designweekmexico.com\\\/wp-content\\\/uploads\\\/2025\\\/05\\\/TD25-C-scaled.png\",\"datePublished\":\"2025-06-02T17:54:01+00:00\",\"dateModified\":\"2025-06-02T18:03:31+00:00\",\"breadcrumb\":{\"@id\":\"https:\\\/\\\/designweekmexico.com\\\/producto\\\/partners-tours-de-diseno-2025\\\/#breadcrumb\"},\"inLanguage\":\"en-US\",\"potentialAction\":[{\"@type\":\"ReadAction\",\"target\":[\"https:\\\/\\\/designweekmexico.com\\\/producto\\\/partners-tours-de-diseno-2025\\\/\"]}]},{\"@type\":\"ImageObject\",\"inLanguage\":\"en-US\",\"@id\":\"https:\\\/\\\/designweekmexico.com\\\/producto\\\/partners-tours-de-diseno-2025\\\/#primaryimage\",\"url\":\"https:\\\/\\\/designweekmexico.com\\\/wp-content\\\/uploads\\\/2025\\\/05\\\/TD25-C-scaled.png\",\"contentUrl\":\"https:\\\/\\\/designweekmexico.com\\\/wp-content\\\/uploads\\\/2025\\\/05\\\/TD25-C-scaled.png\",\"width\":2560,\"height\":1707},{\"@type\":\"BreadcrumbList\",\"@id\":\"https:\\\/\\\/designweekmexico.com\\\/producto\\\/partners-tours-de-diseno-2025\\\/#breadcrumb\",\"itemListElement\":[{\"@type\":\"ListItem\",\"position\":1,\"name\":\"Inicio\",\"item\":\"https:\\\/\\\/designweekmexico.com\\\/\"},{\"@type\":\"ListItem\",\"position\":2,\"name\":\"Tienda\",\"item\":\"https:\\\/\\\/designweekmexico.com\\\/tienda\\\/\"},{\"@type\":\"ListItem\",\"position\":3,\"name\":\"Partners \u2013 Tours de Dise\u00f1o 2025\"}]},{\"@type\":\"WebSite\",\"@id\":\"https:\\\/\\\/designweekmexico.com\\\/#website\",\"url\":\"https:\\\/\\\/designweekmexico.com\\\/\",\"name\":\"Design Week Mexico\",\"description\":\"Dise\u00f1ando el futuro...\",\"publisher\":{\"@id\":\"https:\\\/\\\/designweekmexico.com\\\/#organization\"},\"potentialAction\":[{\"@type\":\"SearchAction\",\"target\":{\"@type\":\"EntryPoint\",\"urlTemplate\":\"https:\\\/\\\/designweekmexico.com\\\/?s={search_term_string}\"},\"query-input\":{\"@type\":\"PropertyValueSpecification\",\"valueRequired\":true,\"valueName\":\"search_term_string\"}}],\"inLanguage\":\"en-US\"},{\"@type\":\"Organization\",\"@id\":\"https:\\\/\\\/designweekmexico.com\\\/#organization\",\"name\":\"Design Week Mexico\",\"url\":\"https:\\\/\\\/designweekmexico.com\\\/\",\"logo\":{\"@type\":\"ImageObject\",\"inLanguage\":\"en-US\",\"@id\":\"https:\\\/\\\/designweekmexico.com\\\/#\\\/schema\\\/logo\\\/image\\\/\",\"url\":\"https:\\\/\\\/designweekmexico.com\\\/wp-content\\\/uploads\\\/2025\\\/11\\\/Asset-58-70eae4.svg\",\"contentUrl\":\"https:\\\/\\\/designweekmexico.com\\\/wp-content\\\/uploads\\\/2025\\\/11\\\/Asset-58-70eae4.svg\",\"width\":1741,\"height\":103,\"caption\":\"Design Week Mexico\"},\"image\":{\"@id\":\"https:\\\/\\\/designweekmexico.com\\\/#\\\/schema\\\/logo\\\/image\\\/\"},\"sameAs\":[\"https:\\\/\\\/www.facebook.com\\\/designweekmex\",\"https:\\\/\\\/x.com\\\/designweekmex\",\"https:\\\/\\\/www.instagram.com\\\/designweekmex\\\/\",\"https:\\\/\\\/www.youtube.com\\\/user\\\/designweekmexico\",\"https:\\\/\\\/vimeo.com\\\/designweekmexico\",\"https:\\\/\\\/www.linkedin.com\\\/company\\\/designweekmx\\\/\"]}]}<\/script>\n<!-- \/ Yoast SEO plugin. -->","yoast_head_json":{"title":"Partners \u2013 Tours de Dise\u00f1o 2025 - Design Week Mexico","robots":{"index":"noindex","follow":"nofollow"},"og_locale":"en_US","og_type":"article","og_title":"Partners \u2013 Tours de Dise\u00f1o 2025 - Design Week Mexico","og_description":"Participaci\u00f3n Tours de Dise\u00f1o 2025 (Partners)  Nos complace invitarlos a formar parte de los emocionantes Tours de Dise\u00f1o que se llevar\u00e1n a cabo en la Ciudad de M\u00e9xico. Estamos en busca de aquellos que deseen compartir su pasi\u00f3n y talento con nuestra comunidad, y mostrar al mundo la riqueza del dise\u00f1o mexicano contempor\u00e1neo y artesanal.","og_url":"https:\/\/designweekmexico.com\/en\/product\/partners-tours-de-diseno-2025\/","og_site_name":"Design Week Mexico","article_publisher":"https:\/\/www.facebook.com\/designweekmex","article_modified_time":"2025-06-02T18:03:31+00:00","og_image":[{"width":1024,"height":683,"url":"https:\/\/designweekmexico.com\/wp-content\/uploads\/2025\/05\/TD25-C-1024x683.png","type":"image\/png"}],"twitter_card":"summary_large_image","twitter_site":"@designweekmex","twitter_misc":{"Est. reading time":"1 minute"},"schema":{"@context":"https:\/\/schema.org","@graph":[{"@type":"WebPage","@id":"https:\/\/designweekmexico.com\/producto\/partners-tours-de-diseno-2025\/","url":"https:\/\/designweekmexico.com\/producto\/partners-tours-de-diseno-2025\/","name":"Partners \u2013 Tours de Dise\u00f1o 2025 - Design Week Mexico","isPartOf":{"@id":"https:\/\/designweekmexico.com\/#website"},"primaryImageOfPage":{"@id":"https:\/\/designweekmexico.com\/producto\/partners-tours-de-diseno-2025\/#primaryimage"},"image":{"@id":"https:\/\/designweekmexico.com\/producto\/partners-tours-de-diseno-2025\/#primaryimage"},"thumbnailUrl":"https:\/\/designweekmexico.com\/wp-content\/uploads\/2025\/05\/TD25-C-scaled.png","datePublished":"2025-06-02T17:54:01+00:00","dateModified":"2025-06-02T18:03:31+00:00","breadcrumb":{"@id":"https:\/\/designweekmexico.com\/producto\/partners-tours-de-diseno-2025\/#breadcrumb"},"inLanguage":"en-US","potentialAction":[{"@type":"ReadAction","target":["https:\/\/designweekmexico.com\/producto\/partners-tours-de-diseno-2025\/"]}]},{"@type":"ImageObject","inLanguage":"en-US","@id":"https:\/\/designweekmexico.com\/producto\/partners-tours-de-diseno-2025\/#primaryimage","url":"https:\/\/designweekmexico.com\/wp-content\/uploads\/2025\/05\/TD25-C-scaled.png","contentUrl":"https:\/\/designweekmexico.com\/wp-content\/uploads\/2025\/05\/TD25-C-scaled.png","width":2560,"height":1707},{"@type":"BreadcrumbList","@id":"https:\/\/designweekmexico.com\/producto\/partners-tours-de-diseno-2025\/#breadcrumb","itemListElement":[{"@type":"ListItem","position":1,"name":"Inicio","item":"https:\/\/designweekmexico.com\/"},{"@type":"ListItem","position":2,"name":"Tienda","item":"https:\/\/designweekmexico.com\/tienda\/"},{"@type":"ListItem","position":3,"name":"Partners \u2013 Tours de Dise\u00f1o 2025"}]},{"@type":"WebSite","@id":"https:\/\/designweekmexico.com\/#website","url":"https:\/\/designweekmexico.com\/","name":"Design Week Mexico","description":"Dise\u00f1ando el futuro...","publisher":{"@id":"https:\/\/designweekmexico.com\/#organization"},"potentialAction":[{"@type":"SearchAction","target":{"@type":"EntryPoint","urlTemplate":"https:\/\/designweekmexico.com\/?s={search_term_string}"},"query-input":{"@type":"PropertyValueSpecification","valueRequired":true,"valueName":"search_term_string"}}],"inLanguage":"en-US"},{"@type":"Organization","@id":"https:\/\/designweekmexico.com\/#organization","name":"Design Week Mexico","url":"https:\/\/designweekmexico.com\/","logo":{"@type":"ImageObject","inLanguage":"en-US","@id":"https:\/\/designweekmexico.com\/#\/schema\/logo\/image\/","url":"https:\/\/designweekmexico.com\/wp-content\/uploads\/2025\/11\/Asset-58-70eae4.svg","contentUrl":"https:\/\/designweekmexico.com\/wp-content\/uploads\/2025\/11\/Asset-58-70eae4.svg","width":1741,"height":103,"caption":"Design Week Mexico"},"image":{"@id":"https:\/\/designweekmexico.com\/#\/schema\/logo\/image\/"},"sameAs":["https:\/\/www.facebook.com\/designweekmex","https:\/\/x.com\/designweekmex","https:\/\/www.instagram.com\/designweekmex\/","https:\/\/www.youtube.com\/user\/designweekmexico","https:\/\/vimeo.com\/designweekmexico","https:\/\/www.linkedin.com\/company\/designweekmx\/"]}]}},"jetpack_sharing_enabled":true,"_links":{"self":[{"href":"https:\/\/designweekmexico.com\/en\/wp-json\/wp\/v2\/product\/21122","targetHints":{"allow":["GET"]}}],"collection":[{"href":"https:\/\/designweekmexico.com\/en\/wp-json\/wp\/v2\/product"}],"about":[{"href":"https:\/\/designweekmexico.com\/en\/wp-json\/wp\/v2\/types\/product"}],"wp:featuredmedia":[{"embeddable":true,"href":"https:\/\/designweekmexico.com\/en\/wp-json\/wp\/v2\/media\/21098"}],"wp:attachment":[{"href":"https:\/\/designweekmexico.com\/en\/wp-json\/wp\/v2\/media?parent=21122"}],"wp:term":[{"taxonomy":"product_brand","embeddable":true,"href":"https:\/\/designweekmexico.com\/en\/wp-json\/wp\/v2\/product_brand?post=21122"},{"taxonomy":"product_cat","embeddable":true,"href":"https:\/\/designweekmexico.com\/en\/wp-json\/wp\/v2\/product_cat?post=21122"},{"taxonomy":"product_tag","embeddable":true,"href":"https:\/\/designweekmexico.com\/en\/wp-json\/wp\/v2\/product_tag?post=21122"}],"curies":[{"name":"wp","href":"https:\/\/api.w.org\/{rel}","templated":true}]}}