{"id":6717,"date":"2022-07-18T12:53:40","date_gmt":"2022-07-18T17:53:40","guid":{"rendered":"https:\/\/designweekmexico.com\/?post_type=product&#038;p=6717"},"modified":"2024-02-07T13:07:53","modified_gmt":"2024-02-07T19:07:53","slug":"dwm-20-21","status":"publish","type":"product","link":"https:\/\/designweekmexico.com\/en\/product\/dwm-20-21\/","title":{"rendered":"Libro Design Week Mexico 2020 \/ 2021"},"content":{"rendered":"<p id=\"entrega\">En Design Week M\u00e9xico y Mexico Territorio Creativo tenemos la misi\u00f3n de impulsar el dise\u00f1o como una herramienta para el desarrollo econ\u00f3mico, social, cultural y ambiental. A trav\u00e9s de 8 plataformas que apoyan y empoderan a la comunidad creativa nacional e internacional.<\/p>\n<p>Nuestro libro 2020-2021, tiene el objetivo de perpetuar el trabajo de m\u00e1s de 300 actores claves de las industrias creativas, entre los que destacan dise\u00f1adores, arquitectos, artistas, artesanos y mucho m\u00e1s; quienes nos acompa\u00f1aron a lo largo de dos ediciones con proyectos revolucionarios y disruptivos basados en la funcionalidad y sustentabilidad.<\/p>\n<p>Al recorrer las p\u00e1ginas de esta libro, podr\u00e1s contemplar el alma que habita en cada concepto desarrollado, as\u00ed como visualizar la importancia del dise\u00f1o, la arquitectura, y la prevalencia de nuestras tradiciones a trav\u00e9s del dise\u00f1o artesanal.<\/p>\n<p>Gracias por formar parte de esta gran familia y por acompa\u00f1arnos en las \u00faltimas dos ediciones. Juntos logramos adaptarnos al cambio\u00a0para convertirlo en resilencia y colaboraci\u00f3n.<\/p>\n<p><strong><br \/>\nDELIVERY OPTIONS:<\/strong><\/p>\n<p><strong>1. Env\u00edos nacionales e internacionales<\/strong><\/p>\n<p>Tenemos env\u00edos locales, nacionales e internacionales.<\/p>\n<p><strong>2. Recolecci\u00f3n en DWM &#8211; <\/strong>Yo voy por \u00e9l (Solo si vives en Ciudad de M\u00e9xico)<\/p>\n<p><strong>ADDRESS:<\/strong><br \/>\n<strong>Design Week Mexico<\/strong><br \/>\nCalle Gral. Antonio Le\u00f3n 56,<br \/>\nSan Miguel Chapultepec II Secc, Miguel Hidalgo,<br \/>\n11850 Ciudad de M\u00e9xico, CDMX<br \/>\n<a href=\"https:\/\/goo.gl\/maps\/11cBBpnkuWWxzCM56\">See on Google Maps<\/a><\/p>\n<p><strong>HOURS:<\/strong><br \/>\n<strong>Lun &#8211; Jue:<\/strong> 10:00 &#8211; 17:00<br \/>\n<strong>Fri:<\/strong> 10:00 &#8211; 15:00<\/p>\n<div id=\"gtx-trans\" style=\"position: absolute; left: 207px; top: 377px;\">\n<div class=\"gtx-trans-icon\"><\/div>\n<\/div>","protected":false},"excerpt":{"rendered":"<p>Nuestro libro 2020-2021, tiene el objetivo de perpetuar el trabajo de m\u00e1s de 300 actores claves de las industrias creativas, entre los que destacan dise\u00f1adores, arquitectos, artistas, artesanos y mucho m\u00e1s; quienes nos acompa\u00f1aron a lo largo de dos ediciones con proyectos revolucionarios y disruptivos basados en la funcionalidad y sustentabilidad.<\/p>\n<p>Al recorrer las p\u00e1ginas de esta libro, podr\u00e1s contemplar el alma que habita en cada concepto desarrollado, as\u00ed como visualizar la importancia del dise\u00f1o, la arquitectura, y la prevalencia de nuestras tradiciones a trav\u00e9s del dise\u00f1o artesanal.<\/p>\n<p><strong>DELIVERY OPTIONS:<br \/>\n<\/strong>1. Env\u00edos locales, nacionales e internacionales.<br \/>\n2. <strong>Recolecci\u00f3n en DWM &#8211; <\/strong>Yo voy por \u00e9l \u00a0(Solo si vives en Ciudad de M\u00e9xico)<br \/>\n<a href=\"https:\/\/designweekmexico.com\/producto\/dwm-20-21\/#entrega\"><span style=\"font-size: 10pt;\">(M\u00e1s informaci\u00f3n abajo)<\/span><\/a><\/p>","protected":false},"featured_media":9747,"template":"","meta":{"_themeisle_gutenberg_block_has_review":false},"product_brand":[],"product_cat":[51],"product_tag":[53,55,54,52],"class_list":{"0":"post-6717","1":"product","2":"type-product","3":"status-publish","4":"has-post-thumbnail","6":"product_cat-publicacion","7":"product_tag-anuario","8":"product_tag-catalogo","9":"product_tag-directorio","10":"product_tag-libro","12":"first","13":"outofstock","14":"taxable","15":"shipping-taxable","16":"purchasable","17":"product-type-simple"},"yoast_head":"<!-- This site is optimized with the Yoast SEO plugin v27.4 - https:\/\/yoast.com\/product\/yoast-seo-wordpress\/ -->\n<title>Libro Libro Design Week Mexico 2020 \/ 2021<\/title>\n<meta name=\"description\" content=\"Esta publicaci\u00f3n muestra un resumen de las ediciones 2020 y 2021 de Design Week Mexico.\" \/>\n<meta name=\"robots\" content=\"index, follow, max-snippet:-1, max-image-preview:large, max-video-preview:-1\" \/>\n<link rel=\"canonical\" href=\"https:\/\/designweekmexico.com\/en\/product\/dwm-20-21\/\" \/>\n<meta property=\"og:locale\" content=\"en_US\" \/>\n<meta property=\"og:type\" content=\"article\" \/>\n<meta property=\"og:title\" content=\"Libro Libro Design Week Mexico 2020 \/ 2021\" \/>\n<meta property=\"og:description\" content=\"Esta publicaci\u00f3n muestra un resumen de las ediciones 2020 y 2021 de Design Week Mexico.\" \/>\n<meta property=\"og:url\" content=\"https:\/\/designweekmexico.com\/en\/product\/dwm-20-21\/\" \/>\n<meta property=\"og:site_name\" content=\"Design Week Mexico\" \/>\n<meta property=\"article:publisher\" content=\"https:\/\/www.facebook.com\/designweekmex\" \/>\n<meta property=\"article:modified_time\" content=\"2024-02-07T19:07:53+00:00\" \/>\n<meta property=\"og:image\" content=\"https:\/\/designweekmexico.com\/wp-content\/uploads\/2022\/07\/Anuario-DWM-2020-2021-\u2014-04-2.jpg\" \/>\n\t<meta property=\"og:image:width\" content=\"1920\" \/>\n\t<meta property=\"og:image:height\" content=\"1280\" \/>\n\t<meta property=\"og:image:type\" content=\"image\/jpeg\" \/>\n<meta name=\"twitter:card\" content=\"summary_large_image\" \/>\n<meta name=\"twitter:site\" content=\"@designweekmex\" \/>\n<meta name=\"twitter:label1\" content=\"Est. reading time\" \/>\n\t<meta name=\"twitter:data1\" content=\"2 minutes\" \/>\n<script type=\"application\/ld+json\" class=\"yoast-schema-graph\">{\"@context\":\"https:\\\/\\\/schema.org\",\"@graph\":[{\"@type\":\"WebPage\",\"@id\":\"https:\\\/\\\/designweekmexico.com\\\/producto\\\/dwm-20-21\\\/\",\"url\":\"https:\\\/\\\/designweekmexico.com\\\/producto\\\/dwm-20-21\\\/\",\"name\":\"Libro Libro Design Week Mexico 2020 \\\/ 2021\",\"isPartOf\":{\"@id\":\"https:\\\/\\\/designweekmexico.com\\\/#website\"},\"primaryImageOfPage\":{\"@id\":\"https:\\\/\\\/designweekmexico.com\\\/producto\\\/dwm-20-21\\\/#primaryimage\"},\"image\":{\"@id\":\"https:\\\/\\\/designweekmexico.com\\\/producto\\\/dwm-20-21\\\/#primaryimage\"},\"thumbnailUrl\":\"https:\\\/\\\/designweekmexico.com\\\/wp-content\\\/uploads\\\/2022\\\/07\\\/Anuario-DWM-2020-2021-\u2014-04-2.jpg\",\"datePublished\":\"2022-07-18T17:53:40+00:00\",\"dateModified\":\"2024-02-07T19:07:53+00:00\",\"description\":\"Esta publicaci\u00f3n muestra un resumen de las ediciones 2020 y 2021 de Design Week Mexico.\",\"breadcrumb\":{\"@id\":\"https:\\\/\\\/designweekmexico.com\\\/producto\\\/dwm-20-21\\\/#breadcrumb\"},\"inLanguage\":\"en-US\",\"potentialAction\":[{\"@type\":\"ReadAction\",\"target\":[\"https:\\\/\\\/designweekmexico.com\\\/producto\\\/dwm-20-21\\\/\"]}]},{\"@type\":\"ImageObject\",\"inLanguage\":\"en-US\",\"@id\":\"https:\\\/\\\/designweekmexico.com\\\/producto\\\/dwm-20-21\\\/#primaryimage\",\"url\":\"https:\\\/\\\/designweekmexico.com\\\/wp-content\\\/uploads\\\/2022\\\/07\\\/Anuario-DWM-2020-2021-\u2014-04-2.jpg\",\"contentUrl\":\"https:\\\/\\\/designweekmexico.com\\\/wp-content\\\/uploads\\\/2022\\\/07\\\/Anuario-DWM-2020-2021-\u2014-04-2.jpg\",\"width\":1920,\"height\":1280},{\"@type\":\"BreadcrumbList\",\"@id\":\"https:\\\/\\\/designweekmexico.com\\\/producto\\\/dwm-20-21\\\/#breadcrumb\",\"itemListElement\":[{\"@type\":\"ListItem\",\"position\":1,\"name\":\"Inicio\",\"item\":\"https:\\\/\\\/designweekmexico.com\\\/\"},{\"@type\":\"ListItem\",\"position\":2,\"name\":\"Tienda\",\"item\":\"https:\\\/\\\/designweekmexico.com\\\/tienda\\\/\"},{\"@type\":\"ListItem\",\"position\":3,\"name\":\"Libro Design Week Mexico 2020 \\\/ 2021\"}]},{\"@type\":\"WebSite\",\"@id\":\"https:\\\/\\\/designweekmexico.com\\\/#website\",\"url\":\"https:\\\/\\\/designweekmexico.com\\\/\",\"name\":\"Design Week Mexico\",\"description\":\"Dise\u00f1ando el futuro...\",\"publisher\":{\"@id\":\"https:\\\/\\\/designweekmexico.com\\\/#organization\"},\"potentialAction\":[{\"@type\":\"SearchAction\",\"target\":{\"@type\":\"EntryPoint\",\"urlTemplate\":\"https:\\\/\\\/designweekmexico.com\\\/?s={search_term_string}\"},\"query-input\":{\"@type\":\"PropertyValueSpecification\",\"valueRequired\":true,\"valueName\":\"search_term_string\"}}],\"inLanguage\":\"en-US\"},{\"@type\":\"Organization\",\"@id\":\"https:\\\/\\\/designweekmexico.com\\\/#organization\",\"name\":\"Design Week Mexico\",\"url\":\"https:\\\/\\\/designweekmexico.com\\\/\",\"logo\":{\"@type\":\"ImageObject\",\"inLanguage\":\"en-US\",\"@id\":\"https:\\\/\\\/designweekmexico.com\\\/#\\\/schema\\\/logo\\\/image\\\/\",\"url\":\"https:\\\/\\\/designweekmexico.com\\\/wp-content\\\/uploads\\\/2025\\\/11\\\/Asset-58-70eae4.svg\",\"contentUrl\":\"https:\\\/\\\/designweekmexico.com\\\/wp-content\\\/uploads\\\/2025\\\/11\\\/Asset-58-70eae4.svg\",\"width\":1741,\"height\":103,\"caption\":\"Design Week Mexico\"},\"image\":{\"@id\":\"https:\\\/\\\/designweekmexico.com\\\/#\\\/schema\\\/logo\\\/image\\\/\"},\"sameAs\":[\"https:\\\/\\\/www.facebook.com\\\/designweekmex\",\"https:\\\/\\\/x.com\\\/designweekmex\",\"https:\\\/\\\/www.instagram.com\\\/designweekmex\\\/\",\"https:\\\/\\\/www.youtube.com\\\/user\\\/designweekmexico\",\"https:\\\/\\\/vimeo.com\\\/designweekmexico\",\"https:\\\/\\\/www.linkedin.com\\\/company\\\/designweekmx\\\/\"]}]}<\/script>\n<!-- \/ Yoast SEO plugin. -->","yoast_head_json":{"title":"Libro Libro Design Week Mexico 2020 \/ 2021","description":"Esta publicaci\u00f3n muestra un resumen de las ediciones 2020 y 2021 de Design Week Mexico.","robots":{"index":"index","follow":"follow","max-snippet":"max-snippet:-1","max-image-preview":"max-image-preview:large","max-video-preview":"max-video-preview:-1"},"canonical":"https:\/\/designweekmexico.com\/en\/product\/dwm-20-21\/","og_locale":"en_US","og_type":"article","og_title":"Libro Libro Design Week Mexico 2020 \/ 2021","og_description":"Esta publicaci\u00f3n muestra un resumen de las ediciones 2020 y 2021 de Design Week Mexico.","og_url":"https:\/\/designweekmexico.com\/en\/product\/dwm-20-21\/","og_site_name":"Design Week Mexico","article_publisher":"https:\/\/www.facebook.com\/designweekmex","article_modified_time":"2024-02-07T19:07:53+00:00","og_image":[{"width":1920,"height":1280,"url":"https:\/\/designweekmexico.com\/wp-content\/uploads\/2022\/07\/Anuario-DWM-2020-2021-\u2014-04-2.jpg","type":"image\/jpeg"}],"twitter_card":"summary_large_image","twitter_site":"@designweekmex","twitter_misc":{"Est. reading time":"2 minutes"},"schema":{"@context":"https:\/\/schema.org","@graph":[{"@type":"WebPage","@id":"https:\/\/designweekmexico.com\/producto\/dwm-20-21\/","url":"https:\/\/designweekmexico.com\/producto\/dwm-20-21\/","name":"Libro Libro Design Week Mexico 2020 \/ 2021","isPartOf":{"@id":"https:\/\/designweekmexico.com\/#website"},"primaryImageOfPage":{"@id":"https:\/\/designweekmexico.com\/producto\/dwm-20-21\/#primaryimage"},"image":{"@id":"https:\/\/designweekmexico.com\/producto\/dwm-20-21\/#primaryimage"},"thumbnailUrl":"https:\/\/designweekmexico.com\/wp-content\/uploads\/2022\/07\/Anuario-DWM-2020-2021-\u2014-04-2.jpg","datePublished":"2022-07-18T17:53:40+00:00","dateModified":"2024-02-07T19:07:53+00:00","description":"Esta publicaci\u00f3n muestra un resumen de las ediciones 2020 y 2021 de Design Week Mexico.","breadcrumb":{"@id":"https:\/\/designweekmexico.com\/producto\/dwm-20-21\/#breadcrumb"},"inLanguage":"en-US","potentialAction":[{"@type":"ReadAction","target":["https:\/\/designweekmexico.com\/producto\/dwm-20-21\/"]}]},{"@type":"ImageObject","inLanguage":"en-US","@id":"https:\/\/designweekmexico.com\/producto\/dwm-20-21\/#primaryimage","url":"https:\/\/designweekmexico.com\/wp-content\/uploads\/2022\/07\/Anuario-DWM-2020-2021-\u2014-04-2.jpg","contentUrl":"https:\/\/designweekmexico.com\/wp-content\/uploads\/2022\/07\/Anuario-DWM-2020-2021-\u2014-04-2.jpg","width":1920,"height":1280},{"@type":"BreadcrumbList","@id":"https:\/\/designweekmexico.com\/producto\/dwm-20-21\/#breadcrumb","itemListElement":[{"@type":"ListItem","position":1,"name":"Inicio","item":"https:\/\/designweekmexico.com\/"},{"@type":"ListItem","position":2,"name":"Tienda","item":"https:\/\/designweekmexico.com\/tienda\/"},{"@type":"ListItem","position":3,"name":"Libro Design Week Mexico 2020 \/ 2021"}]},{"@type":"WebSite","@id":"https:\/\/designweekmexico.com\/#website","url":"https:\/\/designweekmexico.com\/","name":"Design Week Mexico","description":"Dise\u00f1ando el futuro...","publisher":{"@id":"https:\/\/designweekmexico.com\/#organization"},"potentialAction":[{"@type":"SearchAction","target":{"@type":"EntryPoint","urlTemplate":"https:\/\/designweekmexico.com\/?s={search_term_string}"},"query-input":{"@type":"PropertyValueSpecification","valueRequired":true,"valueName":"search_term_string"}}],"inLanguage":"en-US"},{"@type":"Organization","@id":"https:\/\/designweekmexico.com\/#organization","name":"Design Week Mexico","url":"https:\/\/designweekmexico.com\/","logo":{"@type":"ImageObject","inLanguage":"en-US","@id":"https:\/\/designweekmexico.com\/#\/schema\/logo\/image\/","url":"https:\/\/designweekmexico.com\/wp-content\/uploads\/2025\/11\/Asset-58-70eae4.svg","contentUrl":"https:\/\/designweekmexico.com\/wp-content\/uploads\/2025\/11\/Asset-58-70eae4.svg","width":1741,"height":103,"caption":"Design Week Mexico"},"image":{"@id":"https:\/\/designweekmexico.com\/#\/schema\/logo\/image\/"},"sameAs":["https:\/\/www.facebook.com\/designweekmex","https:\/\/x.com\/designweekmex","https:\/\/www.instagram.com\/designweekmex\/","https:\/\/www.youtube.com\/user\/designweekmexico","https:\/\/vimeo.com\/designweekmexico","https:\/\/www.linkedin.com\/company\/designweekmx\/"]}]}},"jetpack_sharing_enabled":true,"_links":{"self":[{"href":"https:\/\/designweekmexico.com\/en\/wp-json\/wp\/v2\/product\/6717","targetHints":{"allow":["GET"]}}],"collection":[{"href":"https:\/\/designweekmexico.com\/en\/wp-json\/wp\/v2\/product"}],"about":[{"href":"https:\/\/designweekmexico.com\/en\/wp-json\/wp\/v2\/types\/product"}],"wp:featuredmedia":[{"embeddable":true,"href":"https:\/\/designweekmexico.com\/en\/wp-json\/wp\/v2\/media\/9747"}],"wp:attachment":[{"href":"https:\/\/designweekmexico.com\/en\/wp-json\/wp\/v2\/media?parent=6717"}],"wp:term":[{"taxonomy":"product_brand","embeddable":true,"href":"https:\/\/designweekmexico.com\/en\/wp-json\/wp\/v2\/product_brand?post=6717"},{"taxonomy":"product_cat","embeddable":true,"href":"https:\/\/designweekmexico.com\/en\/wp-json\/wp\/v2\/product_cat?post=6717"},{"taxonomy":"product_tag","embeddable":true,"href":"https:\/\/designweekmexico.com\/en\/wp-json\/wp\/v2\/product_tag?post=6717"}],"curies":[{"name":"wp","href":"https:\/\/api.w.org\/{rel}","templated":true}]}}